{"id":2853,"date":"2025-01-10T07:30:55","date_gmt":"2025-01-10T06:30:55","guid":{"rendered":"https:\/\/makowskimarcin.com\/?page_id=2853"},"modified":"2025-01-10T10:30:05","modified_gmt":"2025-01-10T09:30:05","slug":"kredyty-hipoteczne","status":"publish","type":"page","link":"https:\/\/makowskimarcin.com\/index.php\/kredyty-hipoteczne\/","title":{"rendered":"Kredyty hipoteczne"},"content":{"rendered":"\t\t<div data-elementor-type=\"wp-page\" data-elementor-id=\"2853\" class=\"elementor elementor-2853\">\n\t\t\t\t<div class=\"elementor-element elementor-element-ba979dc e-con-full e-flex e-con e-parent\" data-id=\"ba979dc\" data-element_type=\"container\">\n\t\t\t\t<div class=\"elementor-element elementor-element-fa54bf6 elementor-widget elementor-widget-about_progress_bar\" data-id=\"fa54bf6\" data-element_type=\"widget\" data-widget_type=\"about_progress_bar.default\">\n\t\t\t\t<div class=\"elementor-widget-container\">\n\t\t\t\t\t\r\n\r\n\t <script>\r\n jQuery(document).ready(function($) {\r\n\r\n\/\/write js code under this line \r\n\r\n\r\n\r\n\/\/write code above the line \r\n\r\n  });\r\n<\/script>\r\n\r\n <!-- About us area start --> \r\n <section class=\"about-three-section section-space-top p-relative\">\r\n   <div class=\"bg-shape\" data-background=\"\"><\/div>\r\n   <div class=\"small-container\">\r\n      <div class=\"row\">\r\n         <div class=\"col-xxl-6 col-xl-6 col-lg-6\">\r\n            <div class=\"about-3-image-area p-relative\">\r\n               <div class=\"shape-1\" data-background=\"\"><\/div>\r\n               <figure class=\"image w-img pr-60\">\r\n\t\t\t      \r\n\t\t\t\t\t<img decoding=\"async\" src=\"https:\/\/makowskimarcin.com\/wp-content\/uploads\/2025\/01\/kredyty-hipoteczne-wrzesnia1.jpg\" alt=\"\"\/>\r\n\t\t\t\t               <\/figure>\r\n            <\/div>\r\n         <\/div>\r\n         <div class=\"col-xxl-6 col-xl-6 col-lg-6\">\r\n            <div class=\"about-3-content-area p-relative pr-30 pt-20\">\r\n               <div class=\"title-box wow fadeInLeft mb-25\" data-wow-delay=\".5s\">\r\n                  <span class=\"section-sub-title no-border\">Us\u0142ugi<\/span>\r\n                  <h3 class=\"section-title mt-10\">Kredyty<\/h3>\r\n               <\/div>\r\n               <p><h4>Kredyty hipoteczne<\/h4>\n\nKredyty Hipoteczne \u2013 Twoja droga do w\u0142asnego mieszkania<br>\n\nMarzysz o w\u0142asnym mieszkaniu lub domu? Kredyt hipoteczny to jedna z najpopularniejszych form finansowania zakupu nieruchomo\u015bci w Polsce. Dzi\u0119ki naszym us\u0142ugom mo\u017cesz zrealizowa\u0107 swoje marzenia o idealnym miejscu do \u017cycia. Oferujemy kompleksow\u0105 pomoc w wyborze najkorzystniejszej oferty kredytowej, dostosowanej do Twoich potrzeb.<br><br>\n\n<b>Dlaczego Warto Wybra\u0107 Nasze Us\u0142ugi?<\/b><br>\n\n- Ekspercka Wiedza<br>\nNasz zesp\u00f3\u0142 sk\u0142ada si\u0119 z do\u015bwiadczonych doradc\u00f3w finansowych, kt\u00f3rzy znaj\u0105 rynek kredyt\u00f3w hipotecznych od podszewki. Dzi\u0119ki temu jeste\u015bmy w stanie zaproponowa\u0107 Ci najlepsze rozwi\u0105zania.<br><br>\n\n- Indywidualne Podej\u015bcie<br>\nKa\u017cdy klient jest dla nas wyj\u0105tkowy. Analizujemy Twoj\u0105 sytuacj\u0119 finansow\u0105 i pomagamy znale\u017a\u0107 ofert\u0119, kt\u00f3ra najlepiej odpowiada Twoim potrzebom i mo\u017cliwo\u015bciom.<br><br>\n    \n- Szeroki Wyb\u00f3r Ofert<br>\nWsp\u00f3\u0142pracujemy z wieloma bankami i instytucjami finansowymi, co pozwala nam na przedstawienie r\u00f3\u017cnorodnych opcji kredytowych. Mo\u017cesz liczy\u0107 na konkurencyjne oprocentowanie oraz korzystne warunki sp\u0142aty.<br><br>\n\n<b>Jakie Rodzaje Kredyt\u00f3w Hipotecznych Oferujemy?<\/b>\nKredyty na Zakup Nieruchomo\u015bci\nOferujemy kredyty hipoteczne na zakup mieszka\u0144, dom\u00f3w oraz dzia\u0142ek budowlanych. Dzi\u0119ki naszym doradcom dowiesz si\u0119, jakie dokumenty s\u0105 potrzebne oraz jakie s\u0105 wymagania bank\u00f3w.<br>\n\n<b>Kredyty Refinansowe<\/b><br>\nJe\u015bli ju\u017c posiadasz kredyt hipoteczny, ale chcesz zmieni\u0107 jego warunki lub obni\u017cy\u0107 raty, nasza oferta kredyt\u00f3w refinansowych jest dla Ciebie. Pomo\u017cemy Ci znale\u017a\u0107 lepsze warunki i zaoszcz\u0119dzi\u0107 na odsetkach.<br><br>\n\n<b>Kredyty Walutowe<\/b><br>\nDla os\u00f3b planuj\u0105cych zakup nieruchomo\u015bci w walutach obcych oferujemy kredyty hipoteczne w euro lub frankach szwajcarskich. Nasz zesp\u00f3\u0142 pomo\u017ce Ci zrozumie\u0107 ryzyko zwi\u0105zane z takimi rozwi\u0105zaniami.<br><br>\n\n<b>Jak Z\u0142o\u017cy\u0107 Wniosek o Kredyt Hipoteczny?<\/b><br>\n\n   <b> 1. Konsultacja<\/b><br>\n    Um\u00f3w si\u0119 na spotkanie z naszym doradc\u0105, kt\u00f3ry przeanalizuje Twoje potrzeby i przedstawi dost\u0119pne opcje.<br>\n   <b> 2. Zbieranie Dokument\u00f3w<\/b><br>\n    Przygotuj niezb\u0119dne dokumenty, takie jak za\u015bwiadczenia o dochodach, umowy najmu czy wyci\u0105gi bankowe.<br>\n   <b> 3. Z\u0142o\u017cenie Wniosku<\/b><br>\n    Po zebraniu wszystkich informacji i dokument\u00f3w pomo\u017cemy Ci wype\u0142ni\u0107 wniosek kredytowy oraz skontaktujemy si\u0119 z bankiem.<br>\n  <b>  4. Decyzja Kredytowa<\/b><br>\nPo z\u0142o\u017ceniu wniosku bank podejmie decyzj\u0119 kredytow\u0105, a my b\u0119dziemy Ci\u0119 informowa\u0107 na ka\u017cdym etapie procesu.<br><br>\n\n<b>Dlaczego Kredyt Hipoteczny to Dobra Inwestycja?<\/b><br>\nKredyt hipoteczny to nie tylko spos\u00f3b na zakup nieruchomo\u015bci, ale tak\u017ce inwestycja w przysz\u0142o\u015b\u0107. Warto\u015b\u0107 nieruchomo\u015bci zazwyczaj ro\u015bnie z czasem, co mo\u017ce przynie\u015b\u0107 znacz\u0105ce korzy\u015bci finansowe. Dodatkowo posiadanie w\u0142asnego mieszkania daje poczucie stabilizacji i bezpiecze\u0144stwa.\n<\/p>\r\n               <div class=\"row pb-25 pt-15\">\r\n                  <div class=\"col-lg-6\">\r\n                     <ul class=\"about-3-list\">\r\n\t\t\t\t\t \t                        <li>Transparentno\u015b\u0107<\/li>\r\n\t\t\t\t\t\t                     <\/ul>\r\n                  <\/div>\r\n                  <div class=\"col-lg-6\">\r\n                     <ul class=\"about-3-list\">\r\n\t\t\t\t\t \t                        <li>Profesjonalizm<\/li>\r\n\t\t\t\t\t\t                     <\/ul>\r\n                  <\/div>\r\n               <\/div>\r\n\r\n\t\t\t   \r\n\t\t\t   \r\n            <\/div>\r\n         <\/div>\r\n      <\/div>\r\n   <\/div>\r\n<\/section>\r\n <!-- About us area end --> \r\n\r\n\r\n\r\n\r\n\r\n\r\n\r\n\r\n\r\n             \r\n\t\t\t\t\t\t<\/div>\n\t\t\t\t<\/div>\n\t\t\t\t<\/div>\n\t\t\t\t<\/div>\n\t\t","protected":false},"excerpt":{"rendered":"<p>Us\u0142ugi Kredyty Kredyty hipoteczne Kredyty Hipoteczne \u2013 Twoja droga do w\u0142asnego mieszkania Marzysz o w\u0142asnym mieszkaniu lub domu? Kredyt hipoteczny to jedna z najpopularniejszych form finansowania zakupu nieruchomo\u015bci w Polsce. Dzi\u0119ki naszym us\u0142ugom mo\u017cesz zrealizowa\u0107 swoje marzenia o idealnym miejscu do \u017cycia. Oferujemy kompleksow\u0105 pomoc w wyborze najkorzystniejszej oferty kredytowej, dostosowanej do Twoich potrzeb. Dlaczego [&hellip;]<\/p>\n","protected":false},"author":1,"featured_media":0,"parent":0,"menu_order":0,"comment_status":"closed","ping_status":"closed","template":"","meta":{"inline_featured_image":false,"footnotes":""},"class_list":["post-2853","page","type-page","status-publish","hentry"],"yoast_head":"<!-- This site is optimized with the Yoast SEO plugin v24.2 - https:\/\/yoast.com\/wordpress\/plugins\/seo\/ -->\n<title>Kredyty hipoteczne - makowskimarcin.com<\/title>\n<meta name=\"robots\" content=\"index, follow, max-snippet:-1, max-image-preview:large, max-video-preview:-1\" \/>\n<link rel=\"canonical\" href=\"https:\/\/makowskimarcin.com\/index.php\/kredyty-hipoteczne\/\" \/>\n<meta property=\"og:locale\" content=\"pl_PL\" \/>\n<meta property=\"og:type\" content=\"article\" \/>\n<meta property=\"og:title\" content=\"Kredyty hipoteczne - makowskimarcin.com\" \/>\n<meta property=\"og:description\" content=\"Us\u0142ugi Kredyty Kredyty hipoteczne Kredyty Hipoteczne \u2013 Twoja droga do w\u0142asnego mieszkania Marzysz o w\u0142asnym mieszkaniu lub domu? Kredyt hipoteczny to jedna z najpopularniejszych form finansowania zakupu nieruchomo\u015bci w Polsce. Dzi\u0119ki naszym us\u0142ugom mo\u017cesz zrealizowa\u0107 swoje marzenia o idealnym miejscu do \u017cycia. Oferujemy kompleksow\u0105 pomoc w wyborze najkorzystniejszej oferty kredytowej, dostosowanej do Twoich potrzeb. Dlaczego [&hellip;]\" \/>\n<meta property=\"og:url\" content=\"https:\/\/makowskimarcin.com\/index.php\/kredyty-hipoteczne\/\" \/>\n<meta property=\"og:site_name\" content=\"makowskimarcin.com\" \/>\n<meta property=\"article:modified_time\" content=\"2025-01-10T09:30:05+00:00\" \/>\n<meta property=\"og:image\" content=\"https:\/\/makowskimarcin.com\/wp-content\/uploads\/2025\/01\/kredyty-hipoteczne-wrzesnia1.jpg\" \/>\n<meta name=\"twitter:card\" content=\"summary_large_image\" \/>\n<meta name=\"twitter:label1\" content=\"Szacowany czas czytania\" \/>\n\t<meta name=\"twitter:data1\" content=\"3 minuty\" \/>\n<script type=\"application\/ld+json\" class=\"yoast-schema-graph\">{\"@context\":\"https:\/\/schema.org\",\"@graph\":[{\"@type\":\"WebPage\",\"@id\":\"https:\/\/makowskimarcin.com\/index.php\/kredyty-hipoteczne\/\",\"url\":\"https:\/\/makowskimarcin.com\/index.php\/kredyty-hipoteczne\/\",\"name\":\"Kredyty hipoteczne - makowskimarcin.com\",\"isPartOf\":{\"@id\":\"https:\/\/makowskimarcin.com\/#website\"},\"primaryImageOfPage\":{\"@id\":\"https:\/\/makowskimarcin.com\/index.php\/kredyty-hipoteczne\/#primaryimage\"},\"image\":{\"@id\":\"https:\/\/makowskimarcin.com\/index.php\/kredyty-hipoteczne\/#primaryimage\"},\"thumbnailUrl\":\"https:\/\/makowskimarcin.com\/wp-content\/uploads\/2025\/01\/kredyty-hipoteczne-wrzesnia1.jpg\",\"datePublished\":\"2025-01-10T06:30:55+00:00\",\"dateModified\":\"2025-01-10T09:30:05+00:00\",\"breadcrumb\":{\"@id\":\"https:\/\/makowskimarcin.com\/index.php\/kredyty-hipoteczne\/#breadcrumb\"},\"inLanguage\":\"pl-PL\",\"potentialAction\":[{\"@type\":\"ReadAction\",\"target\":[\"https:\/\/makowskimarcin.com\/index.php\/kredyty-hipoteczne\/\"]}]},{\"@type\":\"ImageObject\",\"inLanguage\":\"pl-PL\",\"@id\":\"https:\/\/makowskimarcin.com\/index.php\/kredyty-hipoteczne\/#primaryimage\",\"url\":\"https:\/\/makowskimarcin.com\/wp-content\/uploads\/2025\/01\/kredyty-hipoteczne-wrzesnia1.jpg\",\"contentUrl\":\"https:\/\/makowskimarcin.com\/wp-content\/uploads\/2025\/01\/kredyty-hipoteczne-wrzesnia1.jpg\",\"width\":400,\"height\":537},{\"@type\":\"BreadcrumbList\",\"@id\":\"https:\/\/makowskimarcin.com\/index.php\/kredyty-hipoteczne\/#breadcrumb\",\"itemListElement\":[{\"@type\":\"ListItem\",\"position\":1,\"name\":\"Strona g\u0142\u00f3wna\",\"item\":\"https:\/\/makowskimarcin.com\/\"},{\"@type\":\"ListItem\",\"position\":2,\"name\":\"Kredyty hipoteczne\"}]},{\"@type\":\"WebSite\",\"@id\":\"https:\/\/makowskimarcin.com\/#website\",\"url\":\"https:\/\/makowskimarcin.com\/\",\"name\":\"makowskimarcin.com\",\"description\":\"Doradztwo finansowe\",\"potentialAction\":[{\"@type\":\"SearchAction\",\"target\":{\"@type\":\"EntryPoint\",\"urlTemplate\":\"https:\/\/makowskimarcin.com\/?s={search_term_string}\"},\"query-input\":{\"@type\":\"PropertyValueSpecification\",\"valueRequired\":true,\"valueName\":\"search_term_string\"}}],\"inLanguage\":\"pl-PL\"}]}<\/script>\n<!-- \/ Yoast SEO plugin. -->","yoast_head_json":{"title":"Kredyty hipoteczne - makowskimarcin.com","robots":{"index":"index","follow":"follow","max-snippet":"max-snippet:-1","max-image-preview":"max-image-preview:large","max-video-preview":"max-video-preview:-1"},"canonical":"https:\/\/makowskimarcin.com\/index.php\/kredyty-hipoteczne\/","og_locale":"pl_PL","og_type":"article","og_title":"Kredyty hipoteczne - makowskimarcin.com","og_description":"Us\u0142ugi Kredyty Kredyty hipoteczne Kredyty Hipoteczne \u2013 Twoja droga do w\u0142asnego mieszkania Marzysz o w\u0142asnym mieszkaniu lub domu? Kredyt hipoteczny to jedna z najpopularniejszych form finansowania zakupu nieruchomo\u015bci w Polsce. Dzi\u0119ki naszym us\u0142ugom mo\u017cesz zrealizowa\u0107 swoje marzenia o idealnym miejscu do \u017cycia. Oferujemy kompleksow\u0105 pomoc w wyborze najkorzystniejszej oferty kredytowej, dostosowanej do Twoich potrzeb. Dlaczego [&hellip;]","og_url":"https:\/\/makowskimarcin.com\/index.php\/kredyty-hipoteczne\/","og_site_name":"makowskimarcin.com","article_modified_time":"2025-01-10T09:30:05+00:00","og_image":[{"url":"https:\/\/makowskimarcin.com\/wp-content\/uploads\/2025\/01\/kredyty-hipoteczne-wrzesnia1.jpg","type":"","width":"","height":""}],"twitter_card":"summary_large_image","twitter_misc":{"Szacowany czas czytania":"3 minuty"},"schema":{"@context":"https:\/\/schema.org","@graph":[{"@type":"WebPage","@id":"https:\/\/makowskimarcin.com\/index.php\/kredyty-hipoteczne\/","url":"https:\/\/makowskimarcin.com\/index.php\/kredyty-hipoteczne\/","name":"Kredyty hipoteczne - makowskimarcin.com","isPartOf":{"@id":"https:\/\/makowskimarcin.com\/#website"},"primaryImageOfPage":{"@id":"https:\/\/makowskimarcin.com\/index.php\/kredyty-hipoteczne\/#primaryimage"},"image":{"@id":"https:\/\/makowskimarcin.com\/index.php\/kredyty-hipoteczne\/#primaryimage"},"thumbnailUrl":"https:\/\/makowskimarcin.com\/wp-content\/uploads\/2025\/01\/kredyty-hipoteczne-wrzesnia1.jpg","datePublished":"2025-01-10T06:30:55+00:00","dateModified":"2025-01-10T09:30:05+00:00","breadcrumb":{"@id":"https:\/\/makowskimarcin.com\/index.php\/kredyty-hipoteczne\/#breadcrumb"},"inLanguage":"pl-PL","potentialAction":[{"@type":"ReadAction","target":["https:\/\/makowskimarcin.com\/index.php\/kredyty-hipoteczne\/"]}]},{"@type":"ImageObject","inLanguage":"pl-PL","@id":"https:\/\/makowskimarcin.com\/index.php\/kredyty-hipoteczne\/#primaryimage","url":"https:\/\/makowskimarcin.com\/wp-content\/uploads\/2025\/01\/kredyty-hipoteczne-wrzesnia1.jpg","contentUrl":"https:\/\/makowskimarcin.com\/wp-content\/uploads\/2025\/01\/kredyty-hipoteczne-wrzesnia1.jpg","width":400,"height":537},{"@type":"BreadcrumbList","@id":"https:\/\/makowskimarcin.com\/index.php\/kredyty-hipoteczne\/#breadcrumb","itemListElement":[{"@type":"ListItem","position":1,"name":"Strona g\u0142\u00f3wna","item":"https:\/\/makowskimarcin.com\/"},{"@type":"ListItem","position":2,"name":"Kredyty hipoteczne"}]},{"@type":"WebSite","@id":"https:\/\/makowskimarcin.com\/#website","url":"https:\/\/makowskimarcin.com\/","name":"makowskimarcin.com","description":"Doradztwo finansowe","potentialAction":[{"@type":"SearchAction","target":{"@type":"EntryPoint","urlTemplate":"https:\/\/makowskimarcin.com\/?s={search_term_string}"},"query-input":{"@type":"PropertyValueSpecification","valueRequired":true,"valueName":"search_term_string"}}],"inLanguage":"pl-PL"}]}},"_links":{"self":[{"href":"https:\/\/makowskimarcin.com\/index.php\/wp-json\/wp\/v2\/pages\/2853","targetHints":{"allow":["GET"]}}],"collection":[{"href":"https:\/\/makowskimarcin.com\/index.php\/wp-json\/wp\/v2\/pages"}],"about":[{"href":"https:\/\/makowskimarcin.com\/index.php\/wp-json\/wp\/v2\/types\/page"}],"author":[{"embeddable":true,"href":"https:\/\/makowskimarcin.com\/index.php\/wp-json\/wp\/v2\/users\/1"}],"replies":[{"embeddable":true,"href":"https:\/\/makowskimarcin.com\/index.php\/wp-json\/wp\/v2\/comments?post=2853"}],"version-history":[{"count":14,"href":"https:\/\/makowskimarcin.com\/index.php\/wp-json\/wp\/v2\/pages\/2853\/revisions"}],"predecessor-version":[{"id":2934,"href":"https:\/\/makowskimarcin.com\/index.php\/wp-json\/wp\/v2\/pages\/2853\/revisions\/2934"}],"wp:attachment":[{"href":"https:\/\/makowskimarcin.com\/index.php\/wp-json\/wp\/v2\/media?parent=2853"}],"curies":[{"name":"wp","href":"https:\/\/api.w.org\/{rel}","templated":true}]}}