{"id":2851,"date":"2025-01-10T06:57:46","date_gmt":"2025-01-10T05:57:46","guid":{"rendered":"https:\/\/makowskimarcin.com\/?page_id=2851"},"modified":"2025-01-10T10:27:42","modified_gmt":"2025-01-10T09:27:42","slug":"kredyty-gotowkowe","status":"publish","type":"page","link":"https:\/\/makowskimarcin.com\/index.php\/kredyty-gotowkowe\/","title":{"rendered":"Kredyty got\u00f3wkowe"},"content":{"rendered":"\t\t<div data-elementor-type=\"wp-page\" data-elementor-id=\"2851\" class=\"elementor elementor-2851\">\n\t\t\t\t<div class=\"elementor-element elementor-element-2e73b03 e-con-full e-flex e-con e-parent\" data-id=\"2e73b03\" data-element_type=\"container\">\n\t\t\t\t<div class=\"elementor-element elementor-element-27beed4 elementor-widget elementor-widget-about_progress_bar\" data-id=\"27beed4\" data-element_type=\"widget\" data-widget_type=\"about_progress_bar.default\">\n\t\t\t\t<div class=\"elementor-widget-container\">\n\t\t\t\t\t\r\n\r\n\t <script>\r\n jQuery(document).ready(function($) {\r\n\r\n\/\/write js code under this line \r\n\r\n\r\n\r\n\/\/write code above the line \r\n\r\n  });\r\n<\/script>\r\n\r\n <!-- About us area start --> \r\n <section class=\"about-three-section section-space-top p-relative\">\r\n   <div class=\"bg-shape\" data-background=\"\"><\/div>\r\n   <div class=\"small-container\">\r\n      <div class=\"row\">\r\n         <div class=\"col-xxl-6 col-xl-6 col-lg-6\">\r\n            <div class=\"about-3-image-area p-relative\">\r\n               <div class=\"shape-1\" data-background=\"\"><\/div>\r\n               <figure class=\"image w-img pr-60\">\r\n\t\t\t      \r\n\t\t\t\t\t<img decoding=\"async\" src=\"https:\/\/makowskimarcin.com\/wp-content\/uploads\/2025\/01\/kredyty-gotowkowe-wrzesnia1.jpg\" alt=\"\"\/>\r\n\t\t\t\t               <\/figure>\r\n            <\/div>\r\n         <\/div>\r\n         <div class=\"col-xxl-6 col-xl-6 col-lg-6\">\r\n            <div class=\"about-3-content-area p-relative pr-30 pt-20\">\r\n               <div class=\"title-box wow fadeInLeft mb-25\" data-wow-delay=\".5s\">\r\n                  <span class=\"section-sub-title no-border\">Us\u0142ugi<\/span>\r\n                  <h3 class=\"section-title mt-10\">Kredyty<\/h3>\r\n               <\/div>\r\n               <p><h4>Kredyty got\u00f3wkowe<\/h4>\nSzybkie i wygodne rozwi\u0105zania finansowe dla ka\u017cdego.<br>\nKredyty got\u00f3wkowe to doskona\u0142e rozwi\u0105zanie dla os\u00f3b, kt\u00f3re potrzebuj\u0105 dodatkowych \u015brodk\u00f3w na dowolny cel. Niezale\u017cnie od tego, czy planujesz remont mieszkania, zakup nowego sprz\u0119tu AGD, wakacje marze\u0144 czy chcesz pokry\u0107 inne nieoczekiwane wydatki, nasza oferta kredyt\u00f3w got\u00f3wkowych jest dopasowana do Twoich potrzeb.<br>\nDzi\u0119ki wsp\u00f3\u0142pracy z wieloma bankami oferujemy szeroki wachlarz opcji kredytowych z atrakcyjnym oprocentowaniem i elastycznym okresem sp\u0142aty. Gwarantujemy szybki proces decyzyjny, minimum formalno\u015bci i pe\u0142ne wsparcie na ka\u017cdym etapie.<br><br>\n\nDlaczego warto wybra\u0107 nasze kredyty got\u00f3wkowe?<br>\nBrak ukrytych koszt\u00f3w.<br>\nMo\u017cliwo\u015b\u0107 wcze\u015bniejszej sp\u0142aty bez dodatkowych op\u0142at.<br>\nProfesjonalne doradztwo w wyborze najkorzystniejszej oferty.<br><br>\n\nSkontaktuj si\u0119 z nami, aby uzyska\u0107 indywidualn\u0105 kalkulacj\u0119 kredytu got\u00f3wkowego. Pomo\u017cemy Ci spe\u0142ni\u0107 Twoje plany bez zb\u0119dnego stresu.<br><br>\n<\/p>\r\n               <div class=\"row pb-25 pt-15\">\r\n                  <div class=\"col-lg-6\">\r\n                     <ul class=\"about-3-list\">\r\n\t\t\t\t\t \t                        <li>Transparentno\u015b\u0107<\/li>\r\n\t\t\t\t\t\t                     <\/ul>\r\n                  <\/div>\r\n                  <div class=\"col-lg-6\">\r\n                     <ul class=\"about-3-list\">\r\n\t\t\t\t\t \t                        <li>Profesjonalizm<\/li>\r\n\t\t\t\t\t\t                     <\/ul>\r\n                  <\/div>\r\n               <\/div>\r\n\r\n\t\t\t   \r\n\t\t\t   \r\n            <\/div>\r\n         <\/div>\r\n      <\/div>\r\n   <\/div>\r\n<\/section>\r\n <!-- About us area end --> \r\n\r\n\r\n\r\n\r\n\r\n\r\n\r\n\r\n\r\n             \r\n\t\t\t\t\t\t<\/div>\n\t\t\t\t<\/div>\n\t\t\t\t<\/div>\n\t\t\t\t<\/div>\n\t\t","protected":false},"excerpt":{"rendered":"<p>Us\u0142ugi Kredyty Kredyty got\u00f3wkowe Szybkie i wygodne rozwi\u0105zania finansowe dla ka\u017cdego. Kredyty got\u00f3wkowe to doskona\u0142e rozwi\u0105zanie dla os\u00f3b, kt\u00f3re potrzebuj\u0105 dodatkowych \u015brodk\u00f3w na dowolny cel. Niezale\u017cnie od tego, czy planujesz remont mieszkania, zakup nowego sprz\u0119tu AGD, wakacje marze\u0144 czy chcesz pokry\u0107 inne nieoczekiwane wydatki, nasza oferta kredyt\u00f3w got\u00f3wkowych jest dopasowana do Twoich potrzeb. Dzi\u0119ki wsp\u00f3\u0142pracy [&hellip;]<\/p>\n","protected":false},"author":1,"featured_media":0,"parent":0,"menu_order":0,"comment_status":"closed","ping_status":"closed","template":"","meta":{"inline_featured_image":false,"footnotes":""},"class_list":["post-2851","page","type-page","status-publish","hentry"],"yoast_head":"<!-- This site is optimized with the Yoast SEO plugin v24.2 - https:\/\/yoast.com\/wordpress\/plugins\/seo\/ -->\n<title>Kredyty got\u00f3wkowe - makowskimarcin.com<\/title>\n<meta name=\"robots\" content=\"index, follow, max-snippet:-1, max-image-preview:large, max-video-preview:-1\" \/>\n<link rel=\"canonical\" href=\"https:\/\/makowskimarcin.com\/index.php\/kredyty-gotowkowe\/\" \/>\n<meta property=\"og:locale\" content=\"pl_PL\" \/>\n<meta property=\"og:type\" content=\"article\" \/>\n<meta property=\"og:title\" content=\"Kredyty got\u00f3wkowe - makowskimarcin.com\" \/>\n<meta property=\"og:description\" content=\"Us\u0142ugi Kredyty Kredyty got\u00f3wkowe Szybkie i wygodne rozwi\u0105zania finansowe dla ka\u017cdego. Kredyty got\u00f3wkowe to doskona\u0142e rozwi\u0105zanie dla os\u00f3b, kt\u00f3re potrzebuj\u0105 dodatkowych \u015brodk\u00f3w na dowolny cel. Niezale\u017cnie od tego, czy planujesz remont mieszkania, zakup nowego sprz\u0119tu AGD, wakacje marze\u0144 czy chcesz pokry\u0107 inne nieoczekiwane wydatki, nasza oferta kredyt\u00f3w got\u00f3wkowych jest dopasowana do Twoich potrzeb. Dzi\u0119ki wsp\u00f3\u0142pracy [&hellip;]\" \/>\n<meta property=\"og:url\" content=\"https:\/\/makowskimarcin.com\/index.php\/kredyty-gotowkowe\/\" \/>\n<meta property=\"og:site_name\" content=\"makowskimarcin.com\" \/>\n<meta property=\"article:modified_time\" content=\"2025-01-10T09:27:42+00:00\" \/>\n<meta property=\"og:image\" content=\"https:\/\/makowskimarcin.com\/wp-content\/uploads\/2025\/01\/kredyty-gotowkowe-wrzesnia1.jpg\" \/>\n<meta name=\"twitter:card\" content=\"summary_large_image\" \/>\n<meta name=\"twitter:label1\" content=\"Szacowany czas czytania\" \/>\n\t<meta name=\"twitter:data1\" content=\"1 minuta\" \/>\n<script type=\"application\/ld+json\" class=\"yoast-schema-graph\">{\"@context\":\"https:\/\/schema.org\",\"@graph\":[{\"@type\":\"WebPage\",\"@id\":\"https:\/\/makowskimarcin.com\/index.php\/kredyty-gotowkowe\/\",\"url\":\"https:\/\/makowskimarcin.com\/index.php\/kredyty-gotowkowe\/\",\"name\":\"Kredyty got\u00f3wkowe - makowskimarcin.com\",\"isPartOf\":{\"@id\":\"https:\/\/makowskimarcin.com\/#website\"},\"primaryImageOfPage\":{\"@id\":\"https:\/\/makowskimarcin.com\/index.php\/kredyty-gotowkowe\/#primaryimage\"},\"image\":{\"@id\":\"https:\/\/makowskimarcin.com\/index.php\/kredyty-gotowkowe\/#primaryimage\"},\"thumbnailUrl\":\"https:\/\/makowskimarcin.com\/wp-content\/uploads\/2025\/01\/kredyty-gotowkowe-wrzesnia1.jpg\",\"datePublished\":\"2025-01-10T05:57:46+00:00\",\"dateModified\":\"2025-01-10T09:27:42+00:00\",\"breadcrumb\":{\"@id\":\"https:\/\/makowskimarcin.com\/index.php\/kredyty-gotowkowe\/#breadcrumb\"},\"inLanguage\":\"pl-PL\",\"potentialAction\":[{\"@type\":\"ReadAction\",\"target\":[\"https:\/\/makowskimarcin.com\/index.php\/kredyty-gotowkowe\/\"]}]},{\"@type\":\"ImageObject\",\"inLanguage\":\"pl-PL\",\"@id\":\"https:\/\/makowskimarcin.com\/index.php\/kredyty-gotowkowe\/#primaryimage\",\"url\":\"https:\/\/makowskimarcin.com\/wp-content\/uploads\/2025\/01\/kredyty-gotowkowe-wrzesnia1.jpg\",\"contentUrl\":\"https:\/\/makowskimarcin.com\/wp-content\/uploads\/2025\/01\/kredyty-gotowkowe-wrzesnia1.jpg\",\"width\":400,\"height\":537},{\"@type\":\"BreadcrumbList\",\"@id\":\"https:\/\/makowskimarcin.com\/index.php\/kredyty-gotowkowe\/#breadcrumb\",\"itemListElement\":[{\"@type\":\"ListItem\",\"position\":1,\"name\":\"Strona g\u0142\u00f3wna\",\"item\":\"https:\/\/makowskimarcin.com\/\"},{\"@type\":\"ListItem\",\"position\":2,\"name\":\"Kredyty got\u00f3wkowe\"}]},{\"@type\":\"WebSite\",\"@id\":\"https:\/\/makowskimarcin.com\/#website\",\"url\":\"https:\/\/makowskimarcin.com\/\",\"name\":\"makowskimarcin.com\",\"description\":\"Doradztwo finansowe\",\"potentialAction\":[{\"@type\":\"SearchAction\",\"target\":{\"@type\":\"EntryPoint\",\"urlTemplate\":\"https:\/\/makowskimarcin.com\/?s={search_term_string}\"},\"query-input\":{\"@type\":\"PropertyValueSpecification\",\"valueRequired\":true,\"valueName\":\"search_term_string\"}}],\"inLanguage\":\"pl-PL\"}]}<\/script>\n<!-- \/ Yoast SEO plugin. -->","yoast_head_json":{"title":"Kredyty got\u00f3wkowe - makowskimarcin.com","robots":{"index":"index","follow":"follow","max-snippet":"max-snippet:-1","max-image-preview":"max-image-preview:large","max-video-preview":"max-video-preview:-1"},"canonical":"https:\/\/makowskimarcin.com\/index.php\/kredyty-gotowkowe\/","og_locale":"pl_PL","og_type":"article","og_title":"Kredyty got\u00f3wkowe - makowskimarcin.com","og_description":"Us\u0142ugi Kredyty Kredyty got\u00f3wkowe Szybkie i wygodne rozwi\u0105zania finansowe dla ka\u017cdego. Kredyty got\u00f3wkowe to doskona\u0142e rozwi\u0105zanie dla os\u00f3b, kt\u00f3re potrzebuj\u0105 dodatkowych \u015brodk\u00f3w na dowolny cel. Niezale\u017cnie od tego, czy planujesz remont mieszkania, zakup nowego sprz\u0119tu AGD, wakacje marze\u0144 czy chcesz pokry\u0107 inne nieoczekiwane wydatki, nasza oferta kredyt\u00f3w got\u00f3wkowych jest dopasowana do Twoich potrzeb. Dzi\u0119ki wsp\u00f3\u0142pracy [&hellip;]","og_url":"https:\/\/makowskimarcin.com\/index.php\/kredyty-gotowkowe\/","og_site_name":"makowskimarcin.com","article_modified_time":"2025-01-10T09:27:42+00:00","og_image":[{"url":"https:\/\/makowskimarcin.com\/wp-content\/uploads\/2025\/01\/kredyty-gotowkowe-wrzesnia1.jpg","type":"","width":"","height":""}],"twitter_card":"summary_large_image","twitter_misc":{"Szacowany czas czytania":"1 minuta"},"schema":{"@context":"https:\/\/schema.org","@graph":[{"@type":"WebPage","@id":"https:\/\/makowskimarcin.com\/index.php\/kredyty-gotowkowe\/","url":"https:\/\/makowskimarcin.com\/index.php\/kredyty-gotowkowe\/","name":"Kredyty got\u00f3wkowe - makowskimarcin.com","isPartOf":{"@id":"https:\/\/makowskimarcin.com\/#website"},"primaryImageOfPage":{"@id":"https:\/\/makowskimarcin.com\/index.php\/kredyty-gotowkowe\/#primaryimage"},"image":{"@id":"https:\/\/makowskimarcin.com\/index.php\/kredyty-gotowkowe\/#primaryimage"},"thumbnailUrl":"https:\/\/makowskimarcin.com\/wp-content\/uploads\/2025\/01\/kredyty-gotowkowe-wrzesnia1.jpg","datePublished":"2025-01-10T05:57:46+00:00","dateModified":"2025-01-10T09:27:42+00:00","breadcrumb":{"@id":"https:\/\/makowskimarcin.com\/index.php\/kredyty-gotowkowe\/#breadcrumb"},"inLanguage":"pl-PL","potentialAction":[{"@type":"ReadAction","target":["https:\/\/makowskimarcin.com\/index.php\/kredyty-gotowkowe\/"]}]},{"@type":"ImageObject","inLanguage":"pl-PL","@id":"https:\/\/makowskimarcin.com\/index.php\/kredyty-gotowkowe\/#primaryimage","url":"https:\/\/makowskimarcin.com\/wp-content\/uploads\/2025\/01\/kredyty-gotowkowe-wrzesnia1.jpg","contentUrl":"https:\/\/makowskimarcin.com\/wp-content\/uploads\/2025\/01\/kredyty-gotowkowe-wrzesnia1.jpg","width":400,"height":537},{"@type":"BreadcrumbList","@id":"https:\/\/makowskimarcin.com\/index.php\/kredyty-gotowkowe\/#breadcrumb","itemListElement":[{"@type":"ListItem","position":1,"name":"Strona g\u0142\u00f3wna","item":"https:\/\/makowskimarcin.com\/"},{"@type":"ListItem","position":2,"name":"Kredyty got\u00f3wkowe"}]},{"@type":"WebSite","@id":"https:\/\/makowskimarcin.com\/#website","url":"https:\/\/makowskimarcin.com\/","name":"makowskimarcin.com","description":"Doradztwo finansowe","potentialAction":[{"@type":"SearchAction","target":{"@type":"EntryPoint","urlTemplate":"https:\/\/makowskimarcin.com\/?s={search_term_string}"},"query-input":{"@type":"PropertyValueSpecification","valueRequired":true,"valueName":"search_term_string"}}],"inLanguage":"pl-PL"}]}},"_links":{"self":[{"href":"https:\/\/makowskimarcin.com\/index.php\/wp-json\/wp\/v2\/pages\/2851","targetHints":{"allow":["GET"]}}],"collection":[{"href":"https:\/\/makowskimarcin.com\/index.php\/wp-json\/wp\/v2\/pages"}],"about":[{"href":"https:\/\/makowskimarcin.com\/index.php\/wp-json\/wp\/v2\/types\/page"}],"author":[{"embeddable":true,"href":"https:\/\/makowskimarcin.com\/index.php\/wp-json\/wp\/v2\/users\/1"}],"replies":[{"embeddable":true,"href":"https:\/\/makowskimarcin.com\/index.php\/wp-json\/wp\/v2\/comments?post=2851"}],"version-history":[{"count":9,"href":"https:\/\/makowskimarcin.com\/index.php\/wp-json\/wp\/v2\/pages\/2851\/revisions"}],"predecessor-version":[{"id":2933,"href":"https:\/\/makowskimarcin.com\/index.php\/wp-json\/wp\/v2\/pages\/2851\/revisions\/2933"}],"wp:attachment":[{"href":"https:\/\/makowskimarcin.com\/index.php\/wp-json\/wp\/v2\/media?parent=2851"}],"curies":[{"name":"wp","href":"https:\/\/api.w.org\/{rel}","templated":true}]}}