{"id":2785,"date":"2024-03-22T11:34:23","date_gmt":"2024-03-22T10:34:23","guid":{"rendered":"https:\/\/makowskimarcin.com\/?page_id=2785"},"modified":"2025-01-10T10:26:42","modified_gmt":"2025-01-10T09:26:42","slug":"upadlosc-konsumencka","status":"publish","type":"page","link":"https:\/\/makowskimarcin.com\/index.php\/upadlosc-konsumencka\/","title":{"rendered":"Upad\u0142o\u015b\u0107 konsumencka"},"content":{"rendered":"\t\t<div data-elementor-type=\"wp-page\" data-elementor-id=\"2785\" class=\"elementor elementor-2785\">\n\t\t\t\t<div class=\"elementor-element elementor-element-9127369 e-con-full e-flex e-con e-parent\" data-id=\"9127369\" data-element_type=\"container\">\n\t\t\t\t<div class=\"elementor-element elementor-element-3632fc2 elementor-widget elementor-widget-about_progress_bar\" data-id=\"3632fc2\" data-element_type=\"widget\" data-widget_type=\"about_progress_bar.default\">\n\t\t\t\t<div class=\"elementor-widget-container\">\n\t\t\t\t\t\r\n\r\n\t <script>\r\n jQuery(document).ready(function($) {\r\n\r\n\/\/write js code under this line \r\n\r\n\r\n\r\n\/\/write code above the line \r\n\r\n  });\r\n<\/script>\r\n\r\n <!-- About us area start --> \r\n <section class=\"about-three-section section-space-top p-relative\">\r\n   <div class=\"bg-shape\" data-background=\"\"><\/div>\r\n   <div class=\"small-container\">\r\n      <div class=\"row\">\r\n         <div class=\"col-xxl-6 col-xl-6 col-lg-6\">\r\n            <div class=\"about-3-image-area p-relative\">\r\n               <div class=\"shape-1\" data-background=\"\"><\/div>\r\n               <figure class=\"image w-img pr-60\">\r\n\t\t\t      \r\n\t\t\t\t\t<img decoding=\"async\" src=\"https:\/\/makowskimarcin.com\/wp-content\/uploads\/2024\/03\/m-dotacje.jpg\" alt=\"\"\/>\r\n\t\t\t\t               <\/figure>\r\n            <\/div>\r\n         <\/div>\r\n         <div class=\"col-xxl-6 col-xl-6 col-lg-6\">\r\n            <div class=\"about-3-content-area p-relative pr-30 pt-20\">\r\n               <div class=\"title-box wow fadeInLeft mb-25\" data-wow-delay=\".5s\">\r\n                  <span class=\"section-sub-title no-border\">Us\u0142ugi<\/span>\r\n                  <h3 class=\"section-title mt-10\">Upad\u0142o\u015b\u0107 konsumencka<\/h3>\r\n               <\/div>\r\n               <p>Upad\u0142o\u015b\u0107 konsumencka to legalne rozwi\u0105zanie dla os\u00f3b, kt\u00f3re znalaz\u0142y si\u0119 w trudnej sytuacji finansowej i nie s\u0105 w stanie sp\u0142aci\u0107 swoich zobowi\u0105za\u0144. Nasza firma oferuje kompleksowe wsparcie w procesie og\u0142oszenia upad\u0142o\u015bci konsumenckiej, obejmuj\u0105ce:<br>\n- Analiz\u0119 sytuacji finansowej klienta.<br>\n- Przygotowanie wniosku o upad\u0142o\u015b\u0107 konsumenck\u0105.<br>\n- Reprezentacj\u0119 w post\u0119powaniach s\u0105dowych.\n<br>\n<br>\nDzi\u0119ki naszej pomocy mo\u017cesz odzyska\u0107 kontrol\u0119 nad swoimi finansami i rozpocz\u0105\u0107 \u017cycie bez d\u0142ug\u00f3w.<\/p>\r\n               <div class=\"row pb-25 pt-15\">\r\n                  <div class=\"col-lg-6\">\r\n                     <ul class=\"about-3-list\">\r\n\t\t\t\t\t \t                        <li>Transparentno\u015b\u0107<\/li>\r\n\t\t\t\t\t\t                     <\/ul>\r\n                  <\/div>\r\n                  <div class=\"col-lg-6\">\r\n                     <ul class=\"about-3-list\">\r\n\t\t\t\t\t \t                        <li>Profesjonalizm<\/li>\r\n\t\t\t\t\t\t                     <\/ul>\r\n                  <\/div>\r\n               <\/div>\r\n\r\n\t\t\t   \r\n\t\t\t                  <a class=\"primary-btn-1 btn-hover mt-50\" href=\"\/index.php\/kontakt\/\">\r\n\t\t\t   Kontakt &nbsp; | <i class=\"icon-right-arrow\"><\/i>\r\n                  <span style=\"top: 147.172px; left: 108.5px;\"><\/span>\r\n               <\/a>\r\n\t\t\t   \r\n            <\/div>\r\n         <\/div>\r\n      <\/div>\r\n   <\/div>\r\n<\/section>\r\n <!-- About us area end --> \r\n\r\n\r\n\r\n\r\n\r\n\r\n\r\n\r\n\r\n             \r\n\t\t\t\t\t\t<\/div>\n\t\t\t\t<\/div>\n\t\t\t\t<\/div>\n\t\t\t\t<\/div>\n\t\t","protected":false},"excerpt":{"rendered":"<p>Us\u0142ugi Upad\u0142o\u015b\u0107 konsumencka Upad\u0142o\u015b\u0107 konsumencka to legalne rozwi\u0105zanie dla os\u00f3b, kt\u00f3re znalaz\u0142y si\u0119 w trudnej sytuacji finansowej i nie s\u0105 w stanie sp\u0142aci\u0107 swoich zobowi\u0105za\u0144. Nasza firma oferuje kompleksowe wsparcie w procesie og\u0142oszenia upad\u0142o\u015bci konsumenckiej, obejmuj\u0105ce: &#8211; Analiz\u0119 sytuacji finansowej klienta. &#8211; Przygotowanie wniosku o upad\u0142o\u015b\u0107 konsumenck\u0105. &#8211; Reprezentacj\u0119 w post\u0119powaniach s\u0105dowych. Dzi\u0119ki naszej pomocy [&hellip;]<\/p>\n","protected":false},"author":1,"featured_media":0,"parent":0,"menu_order":0,"comment_status":"closed","ping_status":"closed","template":"","meta":{"inline_featured_image":false,"footnotes":""},"class_list":["post-2785","page","type-page","status-publish","hentry"],"yoast_head":"<!-- This site is optimized with the Yoast SEO plugin v24.2 - https:\/\/yoast.com\/wordpress\/plugins\/seo\/ -->\n<title>Upad\u0142o\u015b\u0107 konsumencka - makowskimarcin.com<\/title>\n<meta name=\"robots\" content=\"index, follow, max-snippet:-1, max-image-preview:large, max-video-preview:-1\" \/>\n<link rel=\"canonical\" href=\"https:\/\/makowskimarcin.com\/index.php\/upadlosc-konsumencka\/\" \/>\n<meta property=\"og:locale\" content=\"pl_PL\" \/>\n<meta property=\"og:type\" content=\"article\" \/>\n<meta property=\"og:title\" content=\"Upad\u0142o\u015b\u0107 konsumencka - makowskimarcin.com\" \/>\n<meta property=\"og:description\" content=\"Us\u0142ugi Upad\u0142o\u015b\u0107 konsumencka Upad\u0142o\u015b\u0107 konsumencka to legalne rozwi\u0105zanie dla os\u00f3b, kt\u00f3re znalaz\u0142y si\u0119 w trudnej sytuacji finansowej i nie s\u0105 w stanie sp\u0142aci\u0107 swoich zobowi\u0105za\u0144. Nasza firma oferuje kompleksowe wsparcie w procesie og\u0142oszenia upad\u0142o\u015bci konsumenckiej, obejmuj\u0105ce: &#8211; Analiz\u0119 sytuacji finansowej klienta. &#8211; Przygotowanie wniosku o upad\u0142o\u015b\u0107 konsumenck\u0105. &#8211; Reprezentacj\u0119 w post\u0119powaniach s\u0105dowych. Dzi\u0119ki naszej pomocy [&hellip;]\" \/>\n<meta property=\"og:url\" content=\"https:\/\/makowskimarcin.com\/index.php\/upadlosc-konsumencka\/\" \/>\n<meta property=\"og:site_name\" content=\"makowskimarcin.com\" \/>\n<meta property=\"article:modified_time\" content=\"2025-01-10T09:26:42+00:00\" \/>\n<meta property=\"og:image\" content=\"https:\/\/makowskimarcin.com\/wp-content\/uploads\/2024\/03\/m-dotacje.jpg\" \/>\n<meta name=\"twitter:card\" content=\"summary_large_image\" \/>\n<meta name=\"twitter:label1\" content=\"Szacowany czas czytania\" \/>\n\t<meta name=\"twitter:data1\" content=\"1 minuta\" \/>\n<script type=\"application\/ld+json\" class=\"yoast-schema-graph\">{\"@context\":\"https:\/\/schema.org\",\"@graph\":[{\"@type\":\"WebPage\",\"@id\":\"https:\/\/makowskimarcin.com\/index.php\/upadlosc-konsumencka\/\",\"url\":\"https:\/\/makowskimarcin.com\/index.php\/upadlosc-konsumencka\/\",\"name\":\"Upad\u0142o\u015b\u0107 konsumencka - makowskimarcin.com\",\"isPartOf\":{\"@id\":\"https:\/\/makowskimarcin.com\/#website\"},\"primaryImageOfPage\":{\"@id\":\"https:\/\/makowskimarcin.com\/index.php\/upadlosc-konsumencka\/#primaryimage\"},\"image\":{\"@id\":\"https:\/\/makowskimarcin.com\/index.php\/upadlosc-konsumencka\/#primaryimage\"},\"thumbnailUrl\":\"https:\/\/makowskimarcin.com\/wp-content\/uploads\/2024\/03\/m-dotacje.jpg\",\"datePublished\":\"2024-03-22T10:34:23+00:00\",\"dateModified\":\"2025-01-10T09:26:42+00:00\",\"breadcrumb\":{\"@id\":\"https:\/\/makowskimarcin.com\/index.php\/upadlosc-konsumencka\/#breadcrumb\"},\"inLanguage\":\"pl-PL\",\"potentialAction\":[{\"@type\":\"ReadAction\",\"target\":[\"https:\/\/makowskimarcin.com\/index.php\/upadlosc-konsumencka\/\"]}]},{\"@type\":\"ImageObject\",\"inLanguage\":\"pl-PL\",\"@id\":\"https:\/\/makowskimarcin.com\/index.php\/upadlosc-konsumencka\/#primaryimage\",\"url\":\"https:\/\/makowskimarcin.com\/wp-content\/uploads\/2024\/03\/m-dotacje.jpg\",\"contentUrl\":\"https:\/\/makowskimarcin.com\/wp-content\/uploads\/2024\/03\/m-dotacje.jpg\",\"width\":510,\"height\":560},{\"@type\":\"BreadcrumbList\",\"@id\":\"https:\/\/makowskimarcin.com\/index.php\/upadlosc-konsumencka\/#breadcrumb\",\"itemListElement\":[{\"@type\":\"ListItem\",\"position\":1,\"name\":\"Strona g\u0142\u00f3wna\",\"item\":\"https:\/\/makowskimarcin.com\/\"},{\"@type\":\"ListItem\",\"position\":2,\"name\":\"Upad\u0142o\u015b\u0107 konsumencka\"}]},{\"@type\":\"WebSite\",\"@id\":\"https:\/\/makowskimarcin.com\/#website\",\"url\":\"https:\/\/makowskimarcin.com\/\",\"name\":\"makowskimarcin.com\",\"description\":\"Doradztwo finansowe\",\"potentialAction\":[{\"@type\":\"SearchAction\",\"target\":{\"@type\":\"EntryPoint\",\"urlTemplate\":\"https:\/\/makowskimarcin.com\/?s={search_term_string}\"},\"query-input\":{\"@type\":\"PropertyValueSpecification\",\"valueRequired\":true,\"valueName\":\"search_term_string\"}}],\"inLanguage\":\"pl-PL\"}]}<\/script>\n<!-- \/ Yoast SEO plugin. -->","yoast_head_json":{"title":"Upad\u0142o\u015b\u0107 konsumencka - makowskimarcin.com","robots":{"index":"index","follow":"follow","max-snippet":"max-snippet:-1","max-image-preview":"max-image-preview:large","max-video-preview":"max-video-preview:-1"},"canonical":"https:\/\/makowskimarcin.com\/index.php\/upadlosc-konsumencka\/","og_locale":"pl_PL","og_type":"article","og_title":"Upad\u0142o\u015b\u0107 konsumencka - makowskimarcin.com","og_description":"Us\u0142ugi Upad\u0142o\u015b\u0107 konsumencka Upad\u0142o\u015b\u0107 konsumencka to legalne rozwi\u0105zanie dla os\u00f3b, kt\u00f3re znalaz\u0142y si\u0119 w trudnej sytuacji finansowej i nie s\u0105 w stanie sp\u0142aci\u0107 swoich zobowi\u0105za\u0144. Nasza firma oferuje kompleksowe wsparcie w procesie og\u0142oszenia upad\u0142o\u015bci konsumenckiej, obejmuj\u0105ce: &#8211; Analiz\u0119 sytuacji finansowej klienta. &#8211; Przygotowanie wniosku o upad\u0142o\u015b\u0107 konsumenck\u0105. &#8211; Reprezentacj\u0119 w post\u0119powaniach s\u0105dowych. Dzi\u0119ki naszej pomocy [&hellip;]","og_url":"https:\/\/makowskimarcin.com\/index.php\/upadlosc-konsumencka\/","og_site_name":"makowskimarcin.com","article_modified_time":"2025-01-10T09:26:42+00:00","og_image":[{"url":"https:\/\/makowskimarcin.com\/wp-content\/uploads\/2024\/03\/m-dotacje.jpg","type":"","width":"","height":""}],"twitter_card":"summary_large_image","twitter_misc":{"Szacowany czas czytania":"1 minuta"},"schema":{"@context":"https:\/\/schema.org","@graph":[{"@type":"WebPage","@id":"https:\/\/makowskimarcin.com\/index.php\/upadlosc-konsumencka\/","url":"https:\/\/makowskimarcin.com\/index.php\/upadlosc-konsumencka\/","name":"Upad\u0142o\u015b\u0107 konsumencka - makowskimarcin.com","isPartOf":{"@id":"https:\/\/makowskimarcin.com\/#website"},"primaryImageOfPage":{"@id":"https:\/\/makowskimarcin.com\/index.php\/upadlosc-konsumencka\/#primaryimage"},"image":{"@id":"https:\/\/makowskimarcin.com\/index.php\/upadlosc-konsumencka\/#primaryimage"},"thumbnailUrl":"https:\/\/makowskimarcin.com\/wp-content\/uploads\/2024\/03\/m-dotacje.jpg","datePublished":"2024-03-22T10:34:23+00:00","dateModified":"2025-01-10T09:26:42+00:00","breadcrumb":{"@id":"https:\/\/makowskimarcin.com\/index.php\/upadlosc-konsumencka\/#breadcrumb"},"inLanguage":"pl-PL","potentialAction":[{"@type":"ReadAction","target":["https:\/\/makowskimarcin.com\/index.php\/upadlosc-konsumencka\/"]}]},{"@type":"ImageObject","inLanguage":"pl-PL","@id":"https:\/\/makowskimarcin.com\/index.php\/upadlosc-konsumencka\/#primaryimage","url":"https:\/\/makowskimarcin.com\/wp-content\/uploads\/2024\/03\/m-dotacje.jpg","contentUrl":"https:\/\/makowskimarcin.com\/wp-content\/uploads\/2024\/03\/m-dotacje.jpg","width":510,"height":560},{"@type":"BreadcrumbList","@id":"https:\/\/makowskimarcin.com\/index.php\/upadlosc-konsumencka\/#breadcrumb","itemListElement":[{"@type":"ListItem","position":1,"name":"Strona g\u0142\u00f3wna","item":"https:\/\/makowskimarcin.com\/"},{"@type":"ListItem","position":2,"name":"Upad\u0142o\u015b\u0107 konsumencka"}]},{"@type":"WebSite","@id":"https:\/\/makowskimarcin.com\/#website","url":"https:\/\/makowskimarcin.com\/","name":"makowskimarcin.com","description":"Doradztwo finansowe","potentialAction":[{"@type":"SearchAction","target":{"@type":"EntryPoint","urlTemplate":"https:\/\/makowskimarcin.com\/?s={search_term_string}"},"query-input":{"@type":"PropertyValueSpecification","valueRequired":true,"valueName":"search_term_string"}}],"inLanguage":"pl-PL"}]}},"_links":{"self":[{"href":"https:\/\/makowskimarcin.com\/index.php\/wp-json\/wp\/v2\/pages\/2785","targetHints":{"allow":["GET"]}}],"collection":[{"href":"https:\/\/makowskimarcin.com\/index.php\/wp-json\/wp\/v2\/pages"}],"about":[{"href":"https:\/\/makowskimarcin.com\/index.php\/wp-json\/wp\/v2\/types\/page"}],"author":[{"embeddable":true,"href":"https:\/\/makowskimarcin.com\/index.php\/wp-json\/wp\/v2\/users\/1"}],"replies":[{"embeddable":true,"href":"https:\/\/makowskimarcin.com\/index.php\/wp-json\/wp\/v2\/comments?post=2785"}],"version-history":[{"count":9,"href":"https:\/\/makowskimarcin.com\/index.php\/wp-json\/wp\/v2\/pages\/2785\/revisions"}],"predecessor-version":[{"id":2931,"href":"https:\/\/makowskimarcin.com\/index.php\/wp-json\/wp\/v2\/pages\/2785\/revisions\/2931"}],"wp:attachment":[{"href":"https:\/\/makowskimarcin.com\/index.php\/wp-json\/wp\/v2\/media?parent=2785"}],"curies":[{"name":"wp","href":"https:\/\/api.w.org\/{rel}","templated":true}]}}