{"id":2511,"date":"2024-03-11T19:59:32","date_gmt":"2024-03-11T18:59:32","guid":{"rendered":"https:\/\/makowskimarcin.com\/?page_id=2511"},"modified":"2025-01-10T10:25:57","modified_gmt":"2025-01-10T09:25:57","slug":"nieruchomosci","status":"publish","type":"page","link":"https:\/\/makowskimarcin.com\/index.php\/nieruchomosci\/","title":{"rendered":"Nieruchomo\u015bci"},"content":{"rendered":"\t\t<div data-elementor-type=\"wp-page\" data-elementor-id=\"2511\" class=\"elementor elementor-2511\">\n\t\t\t\t<div class=\"elementor-element elementor-element-9b79860 e-con-full e-flex e-con e-parent\" data-id=\"9b79860\" data-element_type=\"container\">\n\t\t\t\t<div class=\"elementor-element elementor-element-c73ef6f elementor-widget elementor-widget-about_progress_bar\" data-id=\"c73ef6f\" data-element_type=\"widget\" data-widget_type=\"about_progress_bar.default\">\n\t\t\t\t<div class=\"elementor-widget-container\">\n\t\t\t\t\t\r\n\r\n\t <script>\r\n jQuery(document).ready(function($) {\r\n\r\n\/\/write js code under this line \r\n\r\n\r\n\r\n\/\/write code above the line \r\n\r\n  });\r\n<\/script>\r\n\r\n <!-- About us area start --> \r\n <section class=\"about-three-section section-space-top p-relative\">\r\n   <div class=\"bg-shape\" data-background=\"\"><\/div>\r\n   <div class=\"small-container\">\r\n      <div class=\"row\">\r\n         <div class=\"col-xxl-6 col-xl-6 col-lg-6\">\r\n            <div class=\"about-3-image-area p-relative\">\r\n               <div class=\"shape-1\" data-background=\"\"><\/div>\r\n               <figure class=\"image w-img pr-60\">\r\n\t\t\t      \r\n\t\t\t\t\t<img decoding=\"async\" src=\"https:\/\/makowskimarcin.com\/wp-content\/uploads\/2024\/03\/m-nieruchomosci.jpg\" alt=\"\"\/>\r\n\t\t\t\t               <\/figure>\r\n            <\/div>\r\n         <\/div>\r\n         <div class=\"col-xxl-6 col-xl-6 col-lg-6\">\r\n            <div class=\"about-3-content-area p-relative pr-30 pt-20\">\r\n               <div class=\"title-box wow fadeInLeft mb-25\" data-wow-delay=\".5s\">\r\n                  <span class=\"section-sub-title no-border\">Us\u0142ugi<\/span>\r\n                  <h3 class=\"section-title mt-10\">Nieruchomo\u015bci<\/h3>\r\n               <\/div>\r\n               <p>Znajd\u017a idealne miejsce dla siebie lub swojego biznesu<br><br>\nOferujemy kompleksowe us\u0142ugi po\u015brednictwa w obrocie nieruchomo\u015bciami \u2013 sprzeda\u017c, kupno oraz wynajem. Nasz zesp\u00f3\u0142 ekspert\u00f3w pomaga klientom znale\u017a\u0107 nieruchomo\u015bci spe\u0142niaj\u0105ce ich oczekiwania, zapewniaj\u0105c pe\u0142ne wsparcie w procesie transakcji.<br><br>\n\n<b>Dlaczego warto nam zaufa\u0107?<\/b><br>\n- Szeroka baza ofert.<br>\n- Profesjonalne doradztwo.<br>\n- Bezpiecze\u0144stwo i transparentno\u015b\u0107 transakcji.\n<br><br>\nNiezale\u017cnie od tego, czy szukasz wymarzonego domu, lokalu pod biznes czy atrakcyjnej inwestycji, jeste\u015bmy do Twojej dyspozycji.\n\n<br><br>Posiadamy numer licencji: 17855<\/p>\r\n               <div class=\"row pb-25 pt-15\">\r\n                  <div class=\"col-lg-6\">\r\n                     <ul class=\"about-3-list\">\r\n\t\t\t\t\t \t                        <li>Zaufanie i uczciwo\u015b\u0107<\/li>\r\n\t\t\t\t\t\t                        <li>Transparentno\u015b\u0107<\/li>\r\n\t\t\t\t\t\t                     <\/ul>\r\n                  <\/div>\r\n                  <div class=\"col-lg-6\">\r\n                     <ul class=\"about-3-list\">\r\n\t\t\t\t\t \t                        <li>Szybka decyzja<\/li>\r\n\t\t\t\t\t\t                        <li>Profesjonalizm<\/li>\r\n\t\t\t\t\t\t                     <\/ul>\r\n                  <\/div>\r\n               <\/div>\r\n\r\n\t\t\t   \r\n\t\t\t                  <a class=\"primary-btn-1 btn-hover mt-50\" href=\"\/index.php\/kontakt\/\">\r\n\t\t\t   Kontakt &nbsp; | <i class=\"icon-right-arrow\"><\/i>\r\n                  <span style=\"top: 147.172px; left: 108.5px;\"><\/span>\r\n               <\/a>\r\n\t\t\t   \r\n            <\/div>\r\n         <\/div>\r\n      <\/div>\r\n   <\/div>\r\n<\/section>\r\n <!-- About us area end --> \r\n\r\n\r\n\r\n\r\n\r\n\r\n\r\n\r\n\r\n             \r\n\t\t\t\t\t\t<\/div>\n\t\t\t\t<\/div>\n\t\t\t\t<\/div>\n\t\t\t\t<\/div>\n\t\t","protected":false},"excerpt":{"rendered":"<p>Us\u0142ugi Nieruchomo\u015bci Znajd\u017a idealne miejsce dla siebie lub swojego biznesu Oferujemy kompleksowe us\u0142ugi po\u015brednictwa w obrocie nieruchomo\u015bciami \u2013 sprzeda\u017c, kupno oraz wynajem. Nasz zesp\u00f3\u0142 ekspert\u00f3w pomaga klientom znale\u017a\u0107 nieruchomo\u015bci spe\u0142niaj\u0105ce ich oczekiwania, zapewniaj\u0105c pe\u0142ne wsparcie w procesie transakcji. Dlaczego warto nam zaufa\u0107? &#8211; Szeroka baza ofert. &#8211; Profesjonalne doradztwo. &#8211; Bezpiecze\u0144stwo i transparentno\u015b\u0107 transakcji. Niezale\u017cnie [&hellip;]<\/p>\n","protected":false},"author":1,"featured_media":0,"parent":0,"menu_order":0,"comment_status":"closed","ping_status":"closed","template":"","meta":{"inline_featured_image":false,"footnotes":""},"class_list":["post-2511","page","type-page","status-publish","hentry"],"yoast_head":"<!-- This site is optimized with the Yoast SEO plugin v24.2 - https:\/\/yoast.com\/wordpress\/plugins\/seo\/ -->\n<title>Nieruchomo\u015bci - makowskimarcin.com<\/title>\n<meta name=\"robots\" content=\"index, follow, max-snippet:-1, max-image-preview:large, max-video-preview:-1\" \/>\n<link rel=\"canonical\" href=\"https:\/\/makowskimarcin.com\/index.php\/nieruchomosci\/\" \/>\n<meta property=\"og:locale\" content=\"pl_PL\" \/>\n<meta property=\"og:type\" content=\"article\" \/>\n<meta property=\"og:title\" content=\"Nieruchomo\u015bci - makowskimarcin.com\" \/>\n<meta property=\"og:description\" content=\"Us\u0142ugi Nieruchomo\u015bci Znajd\u017a idealne miejsce dla siebie lub swojego biznesu Oferujemy kompleksowe us\u0142ugi po\u015brednictwa w obrocie nieruchomo\u015bciami \u2013 sprzeda\u017c, kupno oraz wynajem. Nasz zesp\u00f3\u0142 ekspert\u00f3w pomaga klientom znale\u017a\u0107 nieruchomo\u015bci spe\u0142niaj\u0105ce ich oczekiwania, zapewniaj\u0105c pe\u0142ne wsparcie w procesie transakcji. Dlaczego warto nam zaufa\u0107? &#8211; Szeroka baza ofert. &#8211; Profesjonalne doradztwo. &#8211; Bezpiecze\u0144stwo i transparentno\u015b\u0107 transakcji. Niezale\u017cnie [&hellip;]\" \/>\n<meta property=\"og:url\" content=\"https:\/\/makowskimarcin.com\/index.php\/nieruchomosci\/\" \/>\n<meta property=\"og:site_name\" content=\"makowskimarcin.com\" \/>\n<meta property=\"article:modified_time\" content=\"2025-01-10T09:25:57+00:00\" \/>\n<meta property=\"og:image\" content=\"https:\/\/makowskimarcin.com\/wp-content\/uploads\/2024\/03\/m-nieruchomosci.jpg\" \/>\n<meta name=\"twitter:card\" content=\"summary_large_image\" \/>\n<meta name=\"twitter:label1\" content=\"Szacowany czas czytania\" \/>\n\t<meta name=\"twitter:data1\" content=\"1 minuta\" \/>\n<script type=\"application\/ld+json\" class=\"yoast-schema-graph\">{\"@context\":\"https:\/\/schema.org\",\"@graph\":[{\"@type\":\"WebPage\",\"@id\":\"https:\/\/makowskimarcin.com\/index.php\/nieruchomosci\/\",\"url\":\"https:\/\/makowskimarcin.com\/index.php\/nieruchomosci\/\",\"name\":\"Nieruchomo\u015bci - makowskimarcin.com\",\"isPartOf\":{\"@id\":\"https:\/\/makowskimarcin.com\/#website\"},\"primaryImageOfPage\":{\"@id\":\"https:\/\/makowskimarcin.com\/index.php\/nieruchomosci\/#primaryimage\"},\"image\":{\"@id\":\"https:\/\/makowskimarcin.com\/index.php\/nieruchomosci\/#primaryimage\"},\"thumbnailUrl\":\"https:\/\/makowskimarcin.com\/wp-content\/uploads\/2024\/03\/m-nieruchomosci.jpg\",\"datePublished\":\"2024-03-11T18:59:32+00:00\",\"dateModified\":\"2025-01-10T09:25:57+00:00\",\"breadcrumb\":{\"@id\":\"https:\/\/makowskimarcin.com\/index.php\/nieruchomosci\/#breadcrumb\"},\"inLanguage\":\"pl-PL\",\"potentialAction\":[{\"@type\":\"ReadAction\",\"target\":[\"https:\/\/makowskimarcin.com\/index.php\/nieruchomosci\/\"]}]},{\"@type\":\"ImageObject\",\"inLanguage\":\"pl-PL\",\"@id\":\"https:\/\/makowskimarcin.com\/index.php\/nieruchomosci\/#primaryimage\",\"url\":\"https:\/\/makowskimarcin.com\/wp-content\/uploads\/2024\/03\/m-nieruchomosci.jpg\",\"contentUrl\":\"https:\/\/makowskimarcin.com\/wp-content\/uploads\/2024\/03\/m-nieruchomosci.jpg\",\"width\":510,\"height\":560},{\"@type\":\"BreadcrumbList\",\"@id\":\"https:\/\/makowskimarcin.com\/index.php\/nieruchomosci\/#breadcrumb\",\"itemListElement\":[{\"@type\":\"ListItem\",\"position\":1,\"name\":\"Strona g\u0142\u00f3wna\",\"item\":\"https:\/\/makowskimarcin.com\/\"},{\"@type\":\"ListItem\",\"position\":2,\"name\":\"Nieruchomo\u015bci\"}]},{\"@type\":\"WebSite\",\"@id\":\"https:\/\/makowskimarcin.com\/#website\",\"url\":\"https:\/\/makowskimarcin.com\/\",\"name\":\"makowskimarcin.com\",\"description\":\"Doradztwo finansowe\",\"potentialAction\":[{\"@type\":\"SearchAction\",\"target\":{\"@type\":\"EntryPoint\",\"urlTemplate\":\"https:\/\/makowskimarcin.com\/?s={search_term_string}\"},\"query-input\":{\"@type\":\"PropertyValueSpecification\",\"valueRequired\":true,\"valueName\":\"search_term_string\"}}],\"inLanguage\":\"pl-PL\"}]}<\/script>\n<!-- \/ Yoast SEO plugin. -->","yoast_head_json":{"title":"Nieruchomo\u015bci - makowskimarcin.com","robots":{"index":"index","follow":"follow","max-snippet":"max-snippet:-1","max-image-preview":"max-image-preview:large","max-video-preview":"max-video-preview:-1"},"canonical":"https:\/\/makowskimarcin.com\/index.php\/nieruchomosci\/","og_locale":"pl_PL","og_type":"article","og_title":"Nieruchomo\u015bci - makowskimarcin.com","og_description":"Us\u0142ugi Nieruchomo\u015bci Znajd\u017a idealne miejsce dla siebie lub swojego biznesu Oferujemy kompleksowe us\u0142ugi po\u015brednictwa w obrocie nieruchomo\u015bciami \u2013 sprzeda\u017c, kupno oraz wynajem. Nasz zesp\u00f3\u0142 ekspert\u00f3w pomaga klientom znale\u017a\u0107 nieruchomo\u015bci spe\u0142niaj\u0105ce ich oczekiwania, zapewniaj\u0105c pe\u0142ne wsparcie w procesie transakcji. Dlaczego warto nam zaufa\u0107? &#8211; Szeroka baza ofert. &#8211; Profesjonalne doradztwo. &#8211; Bezpiecze\u0144stwo i transparentno\u015b\u0107 transakcji. Niezale\u017cnie [&hellip;]","og_url":"https:\/\/makowskimarcin.com\/index.php\/nieruchomosci\/","og_site_name":"makowskimarcin.com","article_modified_time":"2025-01-10T09:25:57+00:00","og_image":[{"url":"https:\/\/makowskimarcin.com\/wp-content\/uploads\/2024\/03\/m-nieruchomosci.jpg","type":"","width":"","height":""}],"twitter_card":"summary_large_image","twitter_misc":{"Szacowany czas czytania":"1 minuta"},"schema":{"@context":"https:\/\/schema.org","@graph":[{"@type":"WebPage","@id":"https:\/\/makowskimarcin.com\/index.php\/nieruchomosci\/","url":"https:\/\/makowskimarcin.com\/index.php\/nieruchomosci\/","name":"Nieruchomo\u015bci - makowskimarcin.com","isPartOf":{"@id":"https:\/\/makowskimarcin.com\/#website"},"primaryImageOfPage":{"@id":"https:\/\/makowskimarcin.com\/index.php\/nieruchomosci\/#primaryimage"},"image":{"@id":"https:\/\/makowskimarcin.com\/index.php\/nieruchomosci\/#primaryimage"},"thumbnailUrl":"https:\/\/makowskimarcin.com\/wp-content\/uploads\/2024\/03\/m-nieruchomosci.jpg","datePublished":"2024-03-11T18:59:32+00:00","dateModified":"2025-01-10T09:25:57+00:00","breadcrumb":{"@id":"https:\/\/makowskimarcin.com\/index.php\/nieruchomosci\/#breadcrumb"},"inLanguage":"pl-PL","potentialAction":[{"@type":"ReadAction","target":["https:\/\/makowskimarcin.com\/index.php\/nieruchomosci\/"]}]},{"@type":"ImageObject","inLanguage":"pl-PL","@id":"https:\/\/makowskimarcin.com\/index.php\/nieruchomosci\/#primaryimage","url":"https:\/\/makowskimarcin.com\/wp-content\/uploads\/2024\/03\/m-nieruchomosci.jpg","contentUrl":"https:\/\/makowskimarcin.com\/wp-content\/uploads\/2024\/03\/m-nieruchomosci.jpg","width":510,"height":560},{"@type":"BreadcrumbList","@id":"https:\/\/makowskimarcin.com\/index.php\/nieruchomosci\/#breadcrumb","itemListElement":[{"@type":"ListItem","position":1,"name":"Strona g\u0142\u00f3wna","item":"https:\/\/makowskimarcin.com\/"},{"@type":"ListItem","position":2,"name":"Nieruchomo\u015bci"}]},{"@type":"WebSite","@id":"https:\/\/makowskimarcin.com\/#website","url":"https:\/\/makowskimarcin.com\/","name":"makowskimarcin.com","description":"Doradztwo finansowe","potentialAction":[{"@type":"SearchAction","target":{"@type":"EntryPoint","urlTemplate":"https:\/\/makowskimarcin.com\/?s={search_term_string}"},"query-input":{"@type":"PropertyValueSpecification","valueRequired":true,"valueName":"search_term_string"}}],"inLanguage":"pl-PL"}]}},"_links":{"self":[{"href":"https:\/\/makowskimarcin.com\/index.php\/wp-json\/wp\/v2\/pages\/2511","targetHints":{"allow":["GET"]}}],"collection":[{"href":"https:\/\/makowskimarcin.com\/index.php\/wp-json\/wp\/v2\/pages"}],"about":[{"href":"https:\/\/makowskimarcin.com\/index.php\/wp-json\/wp\/v2\/types\/page"}],"author":[{"embeddable":true,"href":"https:\/\/makowskimarcin.com\/index.php\/wp-json\/wp\/v2\/users\/1"}],"replies":[{"embeddable":true,"href":"https:\/\/makowskimarcin.com\/index.php\/wp-json\/wp\/v2\/comments?post=2511"}],"version-history":[{"count":22,"href":"https:\/\/makowskimarcin.com\/index.php\/wp-json\/wp\/v2\/pages\/2511\/revisions"}],"predecessor-version":[{"id":2929,"href":"https:\/\/makowskimarcin.com\/index.php\/wp-json\/wp\/v2\/pages\/2511\/revisions\/2929"}],"wp:attachment":[{"href":"https:\/\/makowskimarcin.com\/index.php\/wp-json\/wp\/v2\/media?parent=2511"}],"curies":[{"name":"wp","href":"https:\/\/api.w.org\/{rel}","templated":true}]}}