{"id":1296,"date":"2024-01-04T12:28:50","date_gmt":"2024-01-04T12:28:50","guid":{"rendered":"https:\/\/rooftektheme.com\/wp\/rooftek\/?page_id=779"},"modified":"2024-03-12T10:21:19","modified_gmt":"2024-03-12T09:21:19","slug":"uslugi","status":"publish","type":"page","link":"https:\/\/makowskimarcin.com\/index.php\/uslugi\/","title":{"rendered":"Us\u0142ugi"},"content":{"rendered":"\t\t<div data-elementor-type=\"wp-page\" data-elementor-id=\"1296\" class=\"elementor elementor-1296\">\n\t\t\t\t<div class=\"elementor-element elementor-element-52ffc52 e-flex e-con-boxed e-con e-parent\" data-id=\"52ffc52\" data-element_type=\"container\">\n\t\t\t\t\t<div class=\"e-con-inner\">\n\t\t\t\t\t<\/div>\n\t\t\t\t<\/div>\n\t\t<div class=\"elementor-element elementor-element-dc58716 e-flex e-con-boxed e-con e-parent\" data-id=\"dc58716\" data-element_type=\"container\">\n\t\t\t\t\t<div class=\"e-con-inner\">\n\t\t<div class=\"elementor-element elementor-element-a98f1ca e-con-full e-flex e-con e-child\" data-id=\"a98f1ca\" data-element_type=\"container\">\n\t\t\t\t<div class=\"elementor-element elementor-element-93f170e elementor-widget elementor-widget-image\" data-id=\"93f170e\" data-element_type=\"widget\" data-widget_type=\"image.default\">\n\t\t\t\t<div class=\"elementor-widget-container\">\n\t\t\t\t\t\t\t\t\t\t\t\t\t\t\t\t<a href=\"\/index.php\/kredyty\/\">\n\t\t\t\t\t\t\t<img fetchpriority=\"high\" decoding=\"async\" width=\"510\" height=\"560\" src=\"https:\/\/makowskimarcin.com\/wp-content\/uploads\/2024\/03\/m-kredyty.jpg\" class=\"attachment-large size-large wp-image-2629\" alt=\"\" srcset=\"https:\/\/makowskimarcin.com\/wp-content\/uploads\/2024\/03\/m-kredyty.jpg 510w, https:\/\/makowskimarcin.com\/wp-content\/uploads\/2024\/03\/m-kredyty-273x300.jpg 273w\" sizes=\"(max-width: 510px) 100vw, 510px\" \/>\t\t\t\t\t\t\t\t<\/a>\n\t\t\t\t\t\t\t\t\t\t\t\t\t\t\t<\/div>\n\t\t\t\t<\/div>\n\t\t\t\t<div class=\"elementor-element elementor-element-28f5c20 elementor-widget elementor-widget-heading\" data-id=\"28f5c20\" data-element_type=\"widget\" data-widget_type=\"heading.default\">\n\t\t\t\t<div class=\"elementor-widget-container\">\n\t\t\t\t\t<h6 class=\"elementor-heading-title elementor-size-default\"><a href=\"\/index.php\/kredyty\/\">Kredyty<\/a><\/h6>\t\t\t\t<\/div>\n\t\t\t\t<\/div>\n\t\t\t\t<div class=\"elementor-element elementor-element-2eeeb90 elementor-widget-divider--view-line elementor-widget elementor-widget-divider\" data-id=\"2eeeb90\" data-element_type=\"widget\" data-widget_type=\"divider.default\">\n\t\t\t\t<div class=\"elementor-widget-container\">\n\t\t\t\t\t\t\t<div class=\"elementor-divider\">\n\t\t\t<span class=\"elementor-divider-separator\">\n\t\t\t\t\t\t<\/span>\n\t\t<\/div>\n\t\t\t\t\t\t<\/div>\n\t\t\t\t<\/div>\n\t\t\t\t<\/div>\n\t\t<div class=\"elementor-element elementor-element-f585170 e-con-full e-flex e-con e-child\" data-id=\"f585170\" data-element_type=\"container\">\n\t\t\t\t<div class=\"elementor-element elementor-element-59bbfca elementor-widget elementor-widget-image\" data-id=\"59bbfca\" data-element_type=\"widget\" data-widget_type=\"image.default\">\n\t\t\t\t<div class=\"elementor-widget-container\">\n\t\t\t\t\t\t\t\t\t\t\t\t\t\t\t\t<a href=\"\/index.php\/ubezpieczenia\/\">\n\t\t\t\t\t\t\t<img decoding=\"async\" width=\"510\" height=\"560\" src=\"https:\/\/makowskimarcin.com\/wp-content\/uploads\/2024\/03\/m-ubezpieczenia.jpg\" class=\"attachment-large size-large wp-image-2632\" alt=\"\" srcset=\"https:\/\/makowskimarcin.com\/wp-content\/uploads\/2024\/03\/m-ubezpieczenia.jpg 510w, https:\/\/makowskimarcin.com\/wp-content\/uploads\/2024\/03\/m-ubezpieczenia-273x300.jpg 273w\" sizes=\"(max-width: 510px) 100vw, 510px\" \/>\t\t\t\t\t\t\t\t<\/a>\n\t\t\t\t\t\t\t\t\t\t\t\t\t\t\t<\/div>\n\t\t\t\t<\/div>\n\t\t\t\t<div class=\"elementor-element elementor-element-28c00a9 elementor-widget elementor-widget-heading\" data-id=\"28c00a9\" data-element_type=\"widget\" data-widget_type=\"heading.default\">\n\t\t\t\t<div class=\"elementor-widget-container\">\n\t\t\t\t\t<h6 class=\"elementor-heading-title elementor-size-default\"><a href=\"\/index.php\/ubezpieczenia\/\">Ubezpieczenia <\/a><\/h6>\t\t\t\t<\/div>\n\t\t\t\t<\/div>\n\t\t\t\t<div class=\"elementor-element elementor-element-ceb23ea elementor-widget-divider--view-line elementor-widget elementor-widget-divider\" data-id=\"ceb23ea\" data-element_type=\"widget\" data-widget_type=\"divider.default\">\n\t\t\t\t<div class=\"elementor-widget-container\">\n\t\t\t\t\t\t\t<div class=\"elementor-divider\">\n\t\t\t<span class=\"elementor-divider-separator\">\n\t\t\t\t\t\t<\/span>\n\t\t<\/div>\n\t\t\t\t\t\t<\/div>\n\t\t\t\t<\/div>\n\t\t\t\t<\/div>\n\t\t<div class=\"elementor-element elementor-element-bb52dfc e-con-full e-flex e-con e-child\" data-id=\"bb52dfc\" data-element_type=\"container\">\n\t\t\t\t<div class=\"elementor-element elementor-element-1d40f19 elementor-widget elementor-widget-image\" data-id=\"1d40f19\" data-element_type=\"widget\" data-widget_type=\"image.default\">\n\t\t\t\t<div class=\"elementor-widget-container\">\n\t\t\t\t\t\t\t\t\t\t\t\t\t\t\t\t<a href=\"\/index.php\/dotacje\/\">\n\t\t\t\t\t\t\t<img decoding=\"async\" width=\"510\" height=\"560\" src=\"https:\/\/makowskimarcin.com\/wp-content\/uploads\/2024\/03\/m-dotacje.jpg\" class=\"attachment-large size-large wp-image-2628\" alt=\"\" srcset=\"https:\/\/makowskimarcin.com\/wp-content\/uploads\/2024\/03\/m-dotacje.jpg 510w, https:\/\/makowskimarcin.com\/wp-content\/uploads\/2024\/03\/m-dotacje-273x300.jpg 273w\" sizes=\"(max-width: 510px) 100vw, 510px\" \/>\t\t\t\t\t\t\t\t<\/a>\n\t\t\t\t\t\t\t\t\t\t\t\t\t\t\t<\/div>\n\t\t\t\t<\/div>\n\t\t\t\t<div class=\"elementor-element elementor-element-fdf245c elementor-widget elementor-widget-heading\" data-id=\"fdf245c\" data-element_type=\"widget\" data-widget_type=\"heading.default\">\n\t\t\t\t<div class=\"elementor-widget-container\">\n\t\t\t\t\t<h6 class=\"elementor-heading-title elementor-size-default\"><a href=\"\/index.php\/dotacje\/\">Dotacje<\/a><\/h6>\t\t\t\t<\/div>\n\t\t\t\t<\/div>\n\t\t\t\t<div class=\"elementor-element elementor-element-e9317b7 elementor-widget-divider--view-line elementor-widget elementor-widget-divider\" data-id=\"e9317b7\" data-element_type=\"widget\" data-widget_type=\"divider.default\">\n\t\t\t\t<div class=\"elementor-widget-container\">\n\t\t\t\t\t\t\t<div class=\"elementor-divider\">\n\t\t\t<span class=\"elementor-divider-separator\">\n\t\t\t\t\t\t<\/span>\n\t\t<\/div>\n\t\t\t\t\t\t<\/div>\n\t\t\t\t<\/div>\n\t\t\t\t<\/div>\n\t\t<div class=\"elementor-element elementor-element-3b7bece e-con-full e-flex e-con e-child\" data-id=\"3b7bece\" data-element_type=\"container\">\n\t\t\t\t<div class=\"elementor-element elementor-element-590ceaa elementor-widget elementor-widget-image\" data-id=\"590ceaa\" data-element_type=\"widget\" data-widget_type=\"image.default\">\n\t\t\t\t<div class=\"elementor-widget-container\">\n\t\t\t\t\t\t\t\t\t\t\t\t\t\t\t\t<a href=\"\/index.php\/uslugi-prawne\/\">\n\t\t\t\t\t\t\t<img loading=\"lazy\" decoding=\"async\" width=\"510\" height=\"560\" src=\"https:\/\/makowskimarcin.com\/wp-content\/uploads\/2024\/03\/m-prawne.jpg\" class=\"attachment-large size-large wp-image-2631\" alt=\"\" srcset=\"https:\/\/makowskimarcin.com\/wp-content\/uploads\/2024\/03\/m-prawne.jpg 510w, https:\/\/makowskimarcin.com\/wp-content\/uploads\/2024\/03\/m-prawne-273x300.jpg 273w\" sizes=\"(max-width: 510px) 100vw, 510px\" \/>\t\t\t\t\t\t\t\t<\/a>\n\t\t\t\t\t\t\t\t\t\t\t\t\t\t\t<\/div>\n\t\t\t\t<\/div>\n\t\t\t\t<div class=\"elementor-element elementor-element-7e2d5d1 elementor-widget elementor-widget-heading\" data-id=\"7e2d5d1\" data-element_type=\"widget\" data-widget_type=\"heading.default\">\n\t\t\t\t<div class=\"elementor-widget-container\">\n\t\t\t\t\t<h6 class=\"elementor-heading-title elementor-size-default\"><a href=\"\/index.php\/uslugi-prawne\/\">Us\u0142ugi prawne<\/a><\/h6>\t\t\t\t<\/div>\n\t\t\t\t<\/div>\n\t\t\t\t<div class=\"elementor-element elementor-element-2244a87 elementor-widget-divider--view-line elementor-widget elementor-widget-divider\" data-id=\"2244a87\" data-element_type=\"widget\" data-widget_type=\"divider.default\">\n\t\t\t\t<div class=\"elementor-widget-container\">\n\t\t\t\t\t\t\t<div class=\"elementor-divider\">\n\t\t\t<span class=\"elementor-divider-separator\">\n\t\t\t\t\t\t<\/span>\n\t\t<\/div>\n\t\t\t\t\t\t<\/div>\n\t\t\t\t<\/div>\n\t\t\t\t<\/div>\n\t\t<div class=\"elementor-element elementor-element-b991387 e-con-full e-flex e-con e-child\" data-id=\"b991387\" data-element_type=\"container\">\n\t\t\t\t<div class=\"elementor-element elementor-element-e360554 elementor-widget elementor-widget-image\" data-id=\"e360554\" data-element_type=\"widget\" data-widget_type=\"image.default\">\n\t\t\t\t<div class=\"elementor-widget-container\">\n\t\t\t\t\t\t\t\t\t\t\t\t\t\t\t\t<a href=\"\/index.php\/nieruchomosci\/\">\n\t\t\t\t\t\t\t<img loading=\"lazy\" decoding=\"async\" width=\"510\" height=\"560\" src=\"https:\/\/makowskimarcin.com\/wp-content\/uploads\/2024\/03\/m-nieruchomosci.jpg\" class=\"attachment-large size-large wp-image-2630\" alt=\"\" srcset=\"https:\/\/makowskimarcin.com\/wp-content\/uploads\/2024\/03\/m-nieruchomosci.jpg 510w, https:\/\/makowskimarcin.com\/wp-content\/uploads\/2024\/03\/m-nieruchomosci-273x300.jpg 273w\" sizes=\"(max-width: 510px) 100vw, 510px\" \/>\t\t\t\t\t\t\t\t<\/a>\n\t\t\t\t\t\t\t\t\t\t\t\t\t\t\t<\/div>\n\t\t\t\t<\/div>\n\t\t\t\t<div class=\"elementor-element elementor-element-c24e8f8 elementor-widget elementor-widget-heading\" data-id=\"c24e8f8\" data-element_type=\"widget\" data-widget_type=\"heading.default\">\n\t\t\t\t<div class=\"elementor-widget-container\">\n\t\t\t\t\t<h6 class=\"elementor-heading-title elementor-size-default\"><a href=\"\/index.php\/nieruchomosci\/\">NIeruchomo\u015bci<\/a><\/h6>\t\t\t\t<\/div>\n\t\t\t\t<\/div>\n\t\t\t\t<div class=\"elementor-element elementor-element-3aca840 elementor-widget-divider--view-line elementor-widget elementor-widget-divider\" data-id=\"3aca840\" data-element_type=\"widget\" data-widget_type=\"divider.default\">\n\t\t\t\t<div class=\"elementor-widget-container\">\n\t\t\t\t\t\t\t<div class=\"elementor-divider\">\n\t\t\t<span class=\"elementor-divider-separator\">\n\t\t\t\t\t\t<\/span>\n\t\t<\/div>\n\t\t\t\t\t\t<\/div>\n\t\t\t\t<\/div>\n\t\t\t\t<\/div>\n\t\t<div class=\"elementor-element elementor-element-92d14a2 e-con-full e-flex e-con e-child\" data-id=\"92d14a2\" data-element_type=\"container\">\n\t\t\t\t<\/div>\n\t\t\t\t\t<\/div>\n\t\t\t\t<\/div>\n\t\t\t\t<\/div>\n\t\t","protected":false},"excerpt":{"rendered":"<p>Kredyty Ubezpieczenia Dotacje Us\u0142ugi prawne NIeruchomo\u015bci<\/p>\n","protected":false},"author":1,"featured_media":0,"parent":0,"menu_order":0,"comment_status":"closed","ping_status":"closed","template":"elementor_header_footer","meta":{"inline_featured_image":false,"footnotes":""},"class_list":["post-1296","page","type-page","status-publish","hentry"],"yoast_head":"<!-- This site is optimized with the Yoast SEO plugin v24.2 - https:\/\/yoast.com\/wordpress\/plugins\/seo\/ -->\n<title>Us\u0142ugi - makowskimarcin.com<\/title>\n<meta name=\"robots\" content=\"index, follow, max-snippet:-1, max-image-preview:large, max-video-preview:-1\" \/>\n<link rel=\"canonical\" href=\"https:\/\/makowskimarcin.com\/index.php\/uslugi\/\" \/>\n<meta property=\"og:locale\" content=\"pl_PL\" \/>\n<meta property=\"og:type\" content=\"article\" \/>\n<meta property=\"og:title\" content=\"Us\u0142ugi - makowskimarcin.com\" \/>\n<meta property=\"og:description\" content=\"Kredyty Ubezpieczenia Dotacje Us\u0142ugi prawne NIeruchomo\u015bci\" \/>\n<meta property=\"og:url\" content=\"https:\/\/makowskimarcin.com\/index.php\/uslugi\/\" \/>\n<meta property=\"og:site_name\" content=\"makowskimarcin.com\" \/>\n<meta property=\"article:modified_time\" content=\"2024-03-12T09:21:19+00:00\" \/>\n<meta property=\"og:image\" content=\"https:\/\/makowskimarcin.com\/wp-content\/uploads\/2024\/03\/m-kredyty.jpg\" \/>\n\t<meta property=\"og:image:width\" content=\"510\" \/>\n\t<meta property=\"og:image:height\" content=\"560\" \/>\n\t<meta property=\"og:image:type\" content=\"image\/jpeg\" \/>\n<meta name=\"twitter:card\" content=\"summary_large_image\" \/>\n<script type=\"application\/ld+json\" class=\"yoast-schema-graph\">{\"@context\":\"https:\/\/schema.org\",\"@graph\":[{\"@type\":\"WebPage\",\"@id\":\"https:\/\/makowskimarcin.com\/index.php\/uslugi\/\",\"url\":\"https:\/\/makowskimarcin.com\/index.php\/uslugi\/\",\"name\":\"Us\u0142ugi - makowskimarcin.com\",\"isPartOf\":{\"@id\":\"https:\/\/makowskimarcin.com\/#website\"},\"primaryImageOfPage\":{\"@id\":\"https:\/\/makowskimarcin.com\/index.php\/uslugi\/#primaryimage\"},\"image\":{\"@id\":\"https:\/\/makowskimarcin.com\/index.php\/uslugi\/#primaryimage\"},\"thumbnailUrl\":\"https:\/\/makowskimarcin.com\/wp-content\/uploads\/2024\/03\/m-kredyty.jpg\",\"datePublished\":\"2024-01-04T12:28:50+00:00\",\"dateModified\":\"2024-03-12T09:21:19+00:00\",\"breadcrumb\":{\"@id\":\"https:\/\/makowskimarcin.com\/index.php\/uslugi\/#breadcrumb\"},\"inLanguage\":\"pl-PL\",\"potentialAction\":[{\"@type\":\"ReadAction\",\"target\":[\"https:\/\/makowskimarcin.com\/index.php\/uslugi\/\"]}]},{\"@type\":\"ImageObject\",\"inLanguage\":\"pl-PL\",\"@id\":\"https:\/\/makowskimarcin.com\/index.php\/uslugi\/#primaryimage\",\"url\":\"https:\/\/makowskimarcin.com\/wp-content\/uploads\/2024\/03\/m-kredyty.jpg\",\"contentUrl\":\"https:\/\/makowskimarcin.com\/wp-content\/uploads\/2024\/03\/m-kredyty.jpg\",\"width\":510,\"height\":560},{\"@type\":\"BreadcrumbList\",\"@id\":\"https:\/\/makowskimarcin.com\/index.php\/uslugi\/#breadcrumb\",\"itemListElement\":[{\"@type\":\"ListItem\",\"position\":1,\"name\":\"Strona g\u0142\u00f3wna\",\"item\":\"https:\/\/makowskimarcin.com\/\"},{\"@type\":\"ListItem\",\"position\":2,\"name\":\"Us\u0142ugi\"}]},{\"@type\":\"WebSite\",\"@id\":\"https:\/\/makowskimarcin.com\/#website\",\"url\":\"https:\/\/makowskimarcin.com\/\",\"name\":\"makowskimarcin.com\",\"description\":\"Doradztwo finansowe\",\"potentialAction\":[{\"@type\":\"SearchAction\",\"target\":{\"@type\":\"EntryPoint\",\"urlTemplate\":\"https:\/\/makowskimarcin.com\/?s={search_term_string}\"},\"query-input\":{\"@type\":\"PropertyValueSpecification\",\"valueRequired\":true,\"valueName\":\"search_term_string\"}}],\"inLanguage\":\"pl-PL\"}]}<\/script>\n<!-- \/ Yoast SEO plugin. -->","yoast_head_json":{"title":"Us\u0142ugi - makowskimarcin.com","robots":{"index":"index","follow":"follow","max-snippet":"max-snippet:-1","max-image-preview":"max-image-preview:large","max-video-preview":"max-video-preview:-1"},"canonical":"https:\/\/makowskimarcin.com\/index.php\/uslugi\/","og_locale":"pl_PL","og_type":"article","og_title":"Us\u0142ugi - makowskimarcin.com","og_description":"Kredyty Ubezpieczenia Dotacje Us\u0142ugi prawne NIeruchomo\u015bci","og_url":"https:\/\/makowskimarcin.com\/index.php\/uslugi\/","og_site_name":"makowskimarcin.com","article_modified_time":"2024-03-12T09:21:19+00:00","og_image":[{"width":510,"height":560,"url":"https:\/\/makowskimarcin.com\/wp-content\/uploads\/2024\/03\/m-kredyty.jpg","type":"image\/jpeg"}],"twitter_card":"summary_large_image","schema":{"@context":"https:\/\/schema.org","@graph":[{"@type":"WebPage","@id":"https:\/\/makowskimarcin.com\/index.php\/uslugi\/","url":"https:\/\/makowskimarcin.com\/index.php\/uslugi\/","name":"Us\u0142ugi - makowskimarcin.com","isPartOf":{"@id":"https:\/\/makowskimarcin.com\/#website"},"primaryImageOfPage":{"@id":"https:\/\/makowskimarcin.com\/index.php\/uslugi\/#primaryimage"},"image":{"@id":"https:\/\/makowskimarcin.com\/index.php\/uslugi\/#primaryimage"},"thumbnailUrl":"https:\/\/makowskimarcin.com\/wp-content\/uploads\/2024\/03\/m-kredyty.jpg","datePublished":"2024-01-04T12:28:50+00:00","dateModified":"2024-03-12T09:21:19+00:00","breadcrumb":{"@id":"https:\/\/makowskimarcin.com\/index.php\/uslugi\/#breadcrumb"},"inLanguage":"pl-PL","potentialAction":[{"@type":"ReadAction","target":["https:\/\/makowskimarcin.com\/index.php\/uslugi\/"]}]},{"@type":"ImageObject","inLanguage":"pl-PL","@id":"https:\/\/makowskimarcin.com\/index.php\/uslugi\/#primaryimage","url":"https:\/\/makowskimarcin.com\/wp-content\/uploads\/2024\/03\/m-kredyty.jpg","contentUrl":"https:\/\/makowskimarcin.com\/wp-content\/uploads\/2024\/03\/m-kredyty.jpg","width":510,"height":560},{"@type":"BreadcrumbList","@id":"https:\/\/makowskimarcin.com\/index.php\/uslugi\/#breadcrumb","itemListElement":[{"@type":"ListItem","position":1,"name":"Strona g\u0142\u00f3wna","item":"https:\/\/makowskimarcin.com\/"},{"@type":"ListItem","position":2,"name":"Us\u0142ugi"}]},{"@type":"WebSite","@id":"https:\/\/makowskimarcin.com\/#website","url":"https:\/\/makowskimarcin.com\/","name":"makowskimarcin.com","description":"Doradztwo finansowe","potentialAction":[{"@type":"SearchAction","target":{"@type":"EntryPoint","urlTemplate":"https:\/\/makowskimarcin.com\/?s={search_term_string}"},"query-input":{"@type":"PropertyValueSpecification","valueRequired":true,"valueName":"search_term_string"}}],"inLanguage":"pl-PL"}]}},"_links":{"self":[{"href":"https:\/\/makowskimarcin.com\/index.php\/wp-json\/wp\/v2\/pages\/1296","targetHints":{"allow":["GET"]}}],"collection":[{"href":"https:\/\/makowskimarcin.com\/index.php\/wp-json\/wp\/v2\/pages"}],"about":[{"href":"https:\/\/makowskimarcin.com\/index.php\/wp-json\/wp\/v2\/types\/page"}],"author":[{"embeddable":true,"href":"https:\/\/makowskimarcin.com\/index.php\/wp-json\/wp\/v2\/users\/1"}],"replies":[{"embeddable":true,"href":"https:\/\/makowskimarcin.com\/index.php\/wp-json\/wp\/v2\/comments?post=1296"}],"version-history":[{"count":32,"href":"https:\/\/makowskimarcin.com\/index.php\/wp-json\/wp\/v2\/pages\/1296\/revisions"}],"predecessor-version":[{"id":2687,"href":"https:\/\/makowskimarcin.com\/index.php\/wp-json\/wp\/v2\/pages\/1296\/revisions\/2687"}],"wp:attachment":[{"href":"https:\/\/makowskimarcin.com\/index.php\/wp-json\/wp\/v2\/media?parent=1296"}],"curies":[{"name":"wp","href":"https:\/\/api.w.org\/{rel}","templated":true}]}}