{"id":1295,"date":"2024-01-04T12:27:59","date_gmt":"2024-01-04T12:27:59","guid":{"rendered":"https:\/\/rooftektheme.com\/wp\/rooftek\/?page_id=777"},"modified":"2024-04-17T07:17:42","modified_gmt":"2024-04-17T05:17:42","slug":"o-nas","status":"publish","type":"page","link":"https:\/\/makowskimarcin.com\/index.php\/o-nas\/","title":{"rendered":"O nas"},"content":{"rendered":"\t\t<div data-elementor-type=\"wp-page\" data-elementor-id=\"1295\" class=\"elementor elementor-1295\">\n\t\t\t\t<div class=\"elementor-element elementor-element-15f8bb5 e-con-full e-flex e-con e-parent\" data-id=\"15f8bb5\" data-element_type=\"container\">\n\t\t\t\t<div class=\"elementor-element elementor-element-aec473b elementor-widget elementor-widget-about_progress_bar\" data-id=\"aec473b\" data-element_type=\"widget\" data-widget_type=\"about_progress_bar.default\">\n\t\t\t\t<div class=\"elementor-widget-container\">\n\t\t\t\t\t\r\n\r\n\t <script>\r\n jQuery(document).ready(function($) {\r\n\r\n\/\/write js code under this line \r\n\r\n\r\n\r\n\/\/write code above the line \r\n\r\n  });\r\n<\/script>\r\n\r\n <!-- About us area start --> \r\n <section class=\"about-three-section section-space-top p-relative\">\r\n   <div class=\"bg-shape\" data-background=\"\"><\/div>\r\n   <div class=\"small-container\">\r\n      <div class=\"row\">\r\n         <div class=\"col-xxl-6 col-xl-6 col-lg-6\">\r\n            <div class=\"about-3-image-area p-relative\">\r\n               <div class=\"shape-1\" data-background=\"\"><\/div>\r\n               <figure class=\"image w-img pr-60\">\r\n\t\t\t      \r\n\t\t\t\t\t<img decoding=\"async\" src=\"https:\/\/makowskimarcin.com\/wp-content\/uploads\/2024\/04\/zdje\u0328cie-.jpg\" alt=\"\"\/>\r\n\t\t\t\t               <\/figure>\r\n            <\/div>\r\n         <\/div>\r\n         <div class=\"col-xxl-6 col-xl-6 col-lg-6\">\r\n            <div class=\"about-3-content-area p-relative pr-30 pt-20\">\r\n               <div class=\"title-box wow fadeInLeft mb-25\" data-wow-delay=\".5s\">\r\n                  <span class=\"section-sub-title no-border\">O mnie<\/span>\r\n                  <h3 class=\"section-title mt-10\">Marcin M\u0105kowski<\/h3>\r\n               <\/div>\r\n               <p>W 2005 roku uko\u0144czy\u0142em UAM na Wydziale Prawa i Administracji, a w 2011 Podyplomowe Studia o specjalno\u015bci: Po\u015brednictwo w Obrocie Nieruchomo\u015bciami uzyskuj\u0105c tym samym tytu\u0142 licencji po\u015brednika\no nr 17255.\n\nPonadto na AWF-ie w Poznaniu uko\u0144czy\u0142em kursy instruktorskie o specjalno\u015bci tenis ziemny oraz p\u0142ywanie. Posiadam licencj\u0119 trenersk\u0105 z pi\u0142ki no\u017cnej UEFA B oraz uprawnienia ratownika wodnego. Poza tym uczestniczy\u0142em w wielu szkoleniach, kursach w obszarze finans\u00f3w, nieruchomo\u015bci, ubezpiecze\u0144.\n\nOd pocz\u0105tku 2007 roku prowadz\u0119 szeroko rozumian\u0105 dzia\u0142alno\u015b\u0107 w obszarze finans\u00f3w, ubezpiecze\u0144, us\u0142ug prawnych, nieruchomo\u015bci. Doradzam klientom kompleksowo, stawiaj\u0105c na pierwszym miejscu zadowolenie klienta. Nie tylko oferuj\u0119 pomoc w znalezieniu najlepszego kredytu, ubezpieczenia, dotacji, ale tak\u017ce pomagam w uzyskaniu takiego finansowania np: poprzez tzw. \"wyczyszczenie zapyta\u0144 czy zobowi\u0105za\u0144 z BIK-u\". Pomagam tak\u017ce w sprzeda\u017cy oraz wynajmie nieruchomo\u015bci, odszkodowaniach, restrukturyzacji czy upad\u0142o\u015bci konsumenckiej.\n<br><br>\nSerdecznie zapraszam do wsp\u00f3\u0142pracy.<\/p>\r\n               <div class=\"row pb-25 pt-15\">\r\n                  <div class=\"col-lg-6\">\r\n                     <ul class=\"about-3-list\">\r\n\t\t\t\t\t \t                        <li>Telefon:<br> +48 609 965 383<\/li>\r\n\t\t\t\t\t\t                     <\/ul>\r\n                  <\/div>\r\n                  <div class=\"col-lg-6\">\r\n                     <ul class=\"about-3-list\">\r\n\t\t\t\t\t \t                        <li>E-mail: <br>kontakt@makowskimarcin.com<\/li>\r\n\t\t\t\t\t\t                     <\/ul>\r\n                  <\/div>\r\n               <\/div>\r\n\r\n\t\t\t   \r\n\t\t\t                  <a class=\"primary-btn-1 btn-hover mt-50\" href=\"\/index.php\/uslugi\/\">\r\n\t\t\t   Us\u0142ugi &nbsp; | <i class=\"icon-right-arrow\"><\/i>\r\n                  <span style=\"top: 147.172px; left: 108.5px;\"><\/span>\r\n               <\/a>\r\n\t\t\t   \r\n            <\/div>\r\n         <\/div>\r\n      <\/div>\r\n   <\/div>\r\n<\/section>\r\n <!-- About us area end --> \r\n\r\n\r\n\r\n\r\n\r\n\r\n\r\n\r\n\r\n             \r\n\t\t\t\t\t\t<\/div>\n\t\t\t\t<\/div>\n\t\t\t\t<\/div>\n\t\t\t\t<\/div>\n\t\t","protected":false},"excerpt":{"rendered":"<p>O mnie Marcin M\u0105kowski W 2005 roku uko\u0144czy\u0142em UAM na Wydziale Prawa i Administracji, a w 2011 Podyplomowe Studia o specjalno\u015bci: Po\u015brednictwo w Obrocie Nieruchomo\u015bciami uzyskuj\u0105c tym samym tytu\u0142 licencji po\u015brednika o nr 17255. Ponadto na AWF-ie w Poznaniu uko\u0144czy\u0142em kursy instruktorskie o specjalno\u015bci tenis ziemny oraz p\u0142ywanie. Posiadam licencj\u0119 trenersk\u0105 z pi\u0142ki no\u017cnej UEFA [&hellip;]<\/p>\n","protected":false},"author":1,"featured_media":0,"parent":0,"menu_order":0,"comment_status":"closed","ping_status":"closed","template":"elementor_header_footer","meta":{"inline_featured_image":false,"footnotes":""},"class_list":["post-1295","page","type-page","status-publish","hentry"],"yoast_head":"<!-- This site is optimized with the Yoast SEO plugin v24.2 - https:\/\/yoast.com\/wordpress\/plugins\/seo\/ -->\n<title>O nas - makowskimarcin.com<\/title>\n<meta name=\"robots\" content=\"index, follow, max-snippet:-1, max-image-preview:large, max-video-preview:-1\" \/>\n<link rel=\"canonical\" href=\"https:\/\/makowskimarcin.com\/index.php\/o-nas\/\" \/>\n<meta property=\"og:locale\" content=\"pl_PL\" \/>\n<meta property=\"og:type\" content=\"article\" \/>\n<meta property=\"og:title\" content=\"O nas - makowskimarcin.com\" \/>\n<meta property=\"og:description\" content=\"O mnie Marcin M\u0105kowski W 2005 roku uko\u0144czy\u0142em UAM na Wydziale Prawa i Administracji, a w 2011 Podyplomowe Studia o specjalno\u015bci: Po\u015brednictwo w Obrocie Nieruchomo\u015bciami uzyskuj\u0105c tym samym tytu\u0142 licencji po\u015brednika o nr 17255. Ponadto na AWF-ie w Poznaniu uko\u0144czy\u0142em kursy instruktorskie o specjalno\u015bci tenis ziemny oraz p\u0142ywanie. Posiadam licencj\u0119 trenersk\u0105 z pi\u0142ki no\u017cnej UEFA [&hellip;]\" \/>\n<meta property=\"og:url\" content=\"https:\/\/makowskimarcin.com\/index.php\/o-nas\/\" \/>\n<meta property=\"og:site_name\" content=\"makowskimarcin.com\" \/>\n<meta property=\"article:modified_time\" content=\"2024-04-17T05:17:42+00:00\" \/>\n<meta name=\"twitter:card\" content=\"summary_large_image\" \/>\n<meta name=\"twitter:label1\" content=\"Szacowany czas czytania\" \/>\n\t<meta name=\"twitter:data1\" content=\"1 minuta\" \/>\n<script type=\"application\/ld+json\" class=\"yoast-schema-graph\">{\"@context\":\"https:\/\/schema.org\",\"@graph\":[{\"@type\":\"WebPage\",\"@id\":\"https:\/\/makowskimarcin.com\/index.php\/o-nas\/\",\"url\":\"https:\/\/makowskimarcin.com\/index.php\/o-nas\/\",\"name\":\"O nas - makowskimarcin.com\",\"isPartOf\":{\"@id\":\"https:\/\/makowskimarcin.com\/#website\"},\"datePublished\":\"2024-01-04T12:27:59+00:00\",\"dateModified\":\"2024-04-17T05:17:42+00:00\",\"breadcrumb\":{\"@id\":\"https:\/\/makowskimarcin.com\/index.php\/o-nas\/#breadcrumb\"},\"inLanguage\":\"pl-PL\",\"potentialAction\":[{\"@type\":\"ReadAction\",\"target\":[\"https:\/\/makowskimarcin.com\/index.php\/o-nas\/\"]}]},{\"@type\":\"BreadcrumbList\",\"@id\":\"https:\/\/makowskimarcin.com\/index.php\/o-nas\/#breadcrumb\",\"itemListElement\":[{\"@type\":\"ListItem\",\"position\":1,\"name\":\"Strona g\u0142\u00f3wna\",\"item\":\"https:\/\/makowskimarcin.com\/\"},{\"@type\":\"ListItem\",\"position\":2,\"name\":\"O nas\"}]},{\"@type\":\"WebSite\",\"@id\":\"https:\/\/makowskimarcin.com\/#website\",\"url\":\"https:\/\/makowskimarcin.com\/\",\"name\":\"makowskimarcin.com\",\"description\":\"Doradztwo finansowe\",\"potentialAction\":[{\"@type\":\"SearchAction\",\"target\":{\"@type\":\"EntryPoint\",\"urlTemplate\":\"https:\/\/makowskimarcin.com\/?s={search_term_string}\"},\"query-input\":{\"@type\":\"PropertyValueSpecification\",\"valueRequired\":true,\"valueName\":\"search_term_string\"}}],\"inLanguage\":\"pl-PL\"}]}<\/script>\n<!-- \/ Yoast SEO plugin. -->","yoast_head_json":{"title":"O nas - makowskimarcin.com","robots":{"index":"index","follow":"follow","max-snippet":"max-snippet:-1","max-image-preview":"max-image-preview:large","max-video-preview":"max-video-preview:-1"},"canonical":"https:\/\/makowskimarcin.com\/index.php\/o-nas\/","og_locale":"pl_PL","og_type":"article","og_title":"O nas - makowskimarcin.com","og_description":"O mnie Marcin M\u0105kowski W 2005 roku uko\u0144czy\u0142em UAM na Wydziale Prawa i Administracji, a w 2011 Podyplomowe Studia o specjalno\u015bci: Po\u015brednictwo w Obrocie Nieruchomo\u015bciami uzyskuj\u0105c tym samym tytu\u0142 licencji po\u015brednika o nr 17255. Ponadto na AWF-ie w Poznaniu uko\u0144czy\u0142em kursy instruktorskie o specjalno\u015bci tenis ziemny oraz p\u0142ywanie. Posiadam licencj\u0119 trenersk\u0105 z pi\u0142ki no\u017cnej UEFA [&hellip;]","og_url":"https:\/\/makowskimarcin.com\/index.php\/o-nas\/","og_site_name":"makowskimarcin.com","article_modified_time":"2024-04-17T05:17:42+00:00","twitter_card":"summary_large_image","twitter_misc":{"Szacowany czas czytania":"1 minuta"},"schema":{"@context":"https:\/\/schema.org","@graph":[{"@type":"WebPage","@id":"https:\/\/makowskimarcin.com\/index.php\/o-nas\/","url":"https:\/\/makowskimarcin.com\/index.php\/o-nas\/","name":"O nas - makowskimarcin.com","isPartOf":{"@id":"https:\/\/makowskimarcin.com\/#website"},"datePublished":"2024-01-04T12:27:59+00:00","dateModified":"2024-04-17T05:17:42+00:00","breadcrumb":{"@id":"https:\/\/makowskimarcin.com\/index.php\/o-nas\/#breadcrumb"},"inLanguage":"pl-PL","potentialAction":[{"@type":"ReadAction","target":["https:\/\/makowskimarcin.com\/index.php\/o-nas\/"]}]},{"@type":"BreadcrumbList","@id":"https:\/\/makowskimarcin.com\/index.php\/o-nas\/#breadcrumb","itemListElement":[{"@type":"ListItem","position":1,"name":"Strona g\u0142\u00f3wna","item":"https:\/\/makowskimarcin.com\/"},{"@type":"ListItem","position":2,"name":"O nas"}]},{"@type":"WebSite","@id":"https:\/\/makowskimarcin.com\/#website","url":"https:\/\/makowskimarcin.com\/","name":"makowskimarcin.com","description":"Doradztwo finansowe","potentialAction":[{"@type":"SearchAction","target":{"@type":"EntryPoint","urlTemplate":"https:\/\/makowskimarcin.com\/?s={search_term_string}"},"query-input":{"@type":"PropertyValueSpecification","valueRequired":true,"valueName":"search_term_string"}}],"inLanguage":"pl-PL"}]}},"_links":{"self":[{"href":"https:\/\/makowskimarcin.com\/index.php\/wp-json\/wp\/v2\/pages\/1295","targetHints":{"allow":["GET"]}}],"collection":[{"href":"https:\/\/makowskimarcin.com\/index.php\/wp-json\/wp\/v2\/pages"}],"about":[{"href":"https:\/\/makowskimarcin.com\/index.php\/wp-json\/wp\/v2\/types\/page"}],"author":[{"embeddable":true,"href":"https:\/\/makowskimarcin.com\/index.php\/wp-json\/wp\/v2\/users\/1"}],"replies":[{"embeddable":true,"href":"https:\/\/makowskimarcin.com\/index.php\/wp-json\/wp\/v2\/comments?post=1295"}],"version-history":[{"count":34,"href":"https:\/\/makowskimarcin.com\/index.php\/wp-json\/wp\/v2\/pages\/1295\/revisions"}],"predecessor-version":[{"id":2831,"href":"https:\/\/makowskimarcin.com\/index.php\/wp-json\/wp\/v2\/pages\/1295\/revisions\/2831"}],"wp:attachment":[{"href":"https:\/\/makowskimarcin.com\/index.php\/wp-json\/wp\/v2\/media?parent=1295"}],"curies":[{"name":"wp","href":"https:\/\/api.w.org\/{rel}","templated":true}]}}